
{"id":154848,"date":"2022-02-01T09:51:49","date_gmt":"2022-02-01T07:51:49","guid":{"rendered":"https:\/\/www.brandivaate.fi\/dataskyddsdeklaration-eu\/"},"modified":"2025-06-18T10:26:57","modified_gmt":"2025-06-18T07:26:57","slug":"dataskyddsdeklaration-eu","status":"publish","type":"page","link":"https:\/\/staging.brandivaate.fi\/sv\/dataskyddsdeklaration-eu\/","title":{"rendered":"Dataskyddsdeklaration (EU)"},"content":{"rendered":"\t\t<div data-elementor-type=\"wp-page\" data-elementor-id=\"154848\" class=\"elementor elementor-154848 elementor-57\" data-elementor-post-type=\"page\">\n\t\t\t\t<div class=\"elementor-element elementor-element-ac21cf9 e-con-full e-flex e-con e-parent\" data-id=\"ac21cf9\" data-element_type=\"container\" data-e-type=\"container\" data-settings=\"{&quot;jet_parallax_layout_list&quot;:[]}\">\n\t\t\t\t<div class=\"elementor-element elementor-element-ed735aa elementor-widget elementor-widget-shortcode\" data-id=\"ed735aa\" data-element_type=\"widget\" data-e-type=\"widget\" data-widget_type=\"shortcode.default\">\n\t\t\t\t<div class=\"elementor-widget-container\">\n\t\t\t\t\t\t\t<div class=\"elementor-shortcode\">\t\t<div data-elementor-type=\"container\" data-elementor-id=\"154880\" class=\"elementor elementor-154880 elementor-505\" data-elementor-post-type=\"elementor_library\">\n\t\t\t\t<div class=\"elementor-element elementor-element-a248d32 e-flex e-con-boxed e-con e-parent\" data-id=\"a248d32\" data-element_type=\"container\" data-e-type=\"container\" data-settings=\"{&quot;jet_parallax_layout_list&quot;:[],&quot;background_background&quot;:&quot;classic&quot;}\">\n\t\t\t\t\t<div class=\"e-con-inner\">\n\t\t<div class=\"elementor-element elementor-element-f4dd73a e-con-full e-flex e-con e-child\" data-id=\"f4dd73a\" data-element_type=\"container\" data-e-type=\"container\" data-settings=\"{&quot;jet_parallax_layout_list&quot;:[]}\">\n\t\t\t\t<\/div>\n\t\t<div class=\"elementor-element elementor-element-0ee8f06 e-con-full e-flex e-con e-child\" data-id=\"0ee8f06\" data-element_type=\"container\" data-e-type=\"container\" data-settings=\"{&quot;jet_parallax_layout_list&quot;:[]}\">\n\t\t\t\t<div class=\"elementor-element elementor-element-3b010c7 jet-breadcrumbs-align-center jedv-enabled--yes elementor-widget elementor-widget-jet-breadcrumbs\" data-id=\"3b010c7\" data-element_type=\"widget\" data-e-type=\"widget\" data-widget_type=\"jet-breadcrumbs.default\">\n\t\t\t\t<div class=\"elementor-widget-container\">\n\t\t\t\t\t<div class=\"elementor-jet-breadcrumbs jet-blocks\">\n\t\t<div class=\"jet-breadcrumbs\">\n\t\t<div class=\"jet-breadcrumbs__content\">\n\t\t<div class=\"jet-breadcrumbs__wrap\"><div class=\"jet-breadcrumbs__item\"><a href=\"https:\/\/staging.brandivaate.fi\/sv\/\" class=\"jet-breadcrumbs__item-link is-home\" rel=\"home\" title=\"Startsida\">Startsida<\/a><\/div>\n\t\t<\/div>\n\t\t<\/div>\n\t\t<\/div><\/div>\t\t\t\t<\/div>\n\t\t\t\t<\/div>\n\t\t\t\t<\/div>\n\t\t\t\t\t<\/div>\n\t\t\t\t<\/div>\n\t\t\t\t<\/div>\n\t\t<\/div>\n\t\t\t\t\t\t<\/div>\n\t\t\t\t<\/div>\n\t\t\t\t<\/div>\n\t\t<div class=\"elementor-element elementor-element-1fc90cf0 osiomargin e-flex e-con-boxed e-con e-parent\" data-id=\"1fc90cf0\" data-element_type=\"container\" data-e-type=\"container\" data-settings=\"{&quot;jet_parallax_layout_list&quot;:[]}\">\n\t\t\t\t\t<div class=\"e-con-inner\">\n\t\t\t\t<div class=\"elementor-element elementor-element-5b4b293d elementor-widget elementor-widget-shortcode\" data-id=\"5b4b293d\" data-element_type=\"widget\" data-e-type=\"widget\" data-widget_type=\"shortcode.default\">\n\t\t\t\t<div class=\"elementor-widget-container\">\n\t\t\t\t\t\t\t<div class=\"elementor-shortcode\">[cmplz-document type=\"privacy-statement\" region=\"eu\"]<\/div>\n\t\t\t\t\t\t<\/div>\n\t\t\t\t<\/div>\n\t\t\t\t\t<\/div>\n\t\t\t\t<\/div>\n\t\t\t\t<\/div>\n\t\t","protected":false},"excerpt":{"rendered":"<p>[cmplz-document type=&#8221;privacy-statement&#8221; region=&#8221;eu&#8221;]<\/p>\n","protected":false},"author":1,"featured_media":0,"parent":0,"menu_order":0,"comment_status":"closed","ping_status":"closed","template":"","meta":{"footnotes":""},"class_list":["post-154848","page","type-page","status-publish","hentry"],"yoast_head":"<!-- This site is optimized with the Yoast SEO plugin v27.2 - https:\/\/yoast.com\/product\/yoast-seo-wordpress\/ -->\n<title>Dataskyddsdeklaration (EU) | Br\u00e4ndivaate<\/title>\n<meta name=\"robots\" content=\"noindex, follow, max-snippet:-1, max-image-preview:large, max-video-preview:-1\" \/>\n<meta property=\"og:locale\" content=\"sv_SE\" \/>\n<meta property=\"og:type\" content=\"article\" \/>\n<meta property=\"og:title\" content=\"Dataskyddsdeklaration (EU) | Br\u00e4ndivaate\" \/>\n<meta property=\"og:description\" content=\"[cmplz-document type=&#8221;privacy-statement&#8221; region=&#8221;eu&#8221;]\" \/>\n<meta property=\"og:url\" content=\"https:\/\/staging.brandivaate.fi\/sv\/dataskyddsdeklaration-eu\/\" \/>\n<meta property=\"og:site_name\" content=\"Br\u00e4ndivaate\" \/>\n<meta property=\"article:publisher\" content=\"https:\/\/www.facebook.com\/brandivaate.fi\/\" \/>\n<meta property=\"article:modified_time\" content=\"2025-06-18T07:26:57+00:00\" \/>\n<meta property=\"og:image\" content=\"https:\/\/staging.brandivaate.fi\/wp-content\/uploads\/2024\/12\/jakokuva.jpg\" \/>\n\t<meta property=\"og:image:width\" content=\"1920\" \/>\n\t<meta property=\"og:image:height\" content=\"1080\" \/>\n\t<meta property=\"og:image:type\" content=\"image\/jpeg\" \/>\n<meta name=\"twitter:card\" content=\"summary_large_image\" \/>\n<script type=\"application\/ld+json\" class=\"yoast-schema-graph\">{\"@context\":\"https:\/\/schema.org\",\"@graph\":[{\"@type\":\"WebPage\",\"@id\":\"https:\/\/staging.brandivaate.fi\/sv\/dataskyddsdeklaration-eu\/\",\"url\":\"https:\/\/staging.brandivaate.fi\/sv\/dataskyddsdeklaration-eu\/\",\"name\":\"Dataskyddsdeklaration (EU) | Br\u00e4ndivaate\",\"isPartOf\":{\"@id\":\"https:\/\/staging.brandivaate.fi\/#website\"},\"datePublished\":\"2022-02-01T07:51:49+00:00\",\"dateModified\":\"2025-06-18T07:26:57+00:00\",\"breadcrumb\":{\"@id\":\"https:\/\/staging.brandivaate.fi\/sv\/dataskyddsdeklaration-eu\/#breadcrumb\"},\"inLanguage\":\"sv-SE\",\"potentialAction\":[{\"@type\":\"ReadAction\",\"target\":[\"https:\/\/staging.brandivaate.fi\/sv\/dataskyddsdeklaration-eu\/\"]}]},{\"@type\":\"BreadcrumbList\",\"@id\":\"https:\/\/staging.brandivaate.fi\/sv\/dataskyddsdeklaration-eu\/#breadcrumb\",\"itemListElement\":[{\"@type\":\"ListItem\",\"position\":1,\"name\":\"Etusivu\",\"item\":\"https:\/\/staging.brandivaate.fi\/sv\/startsida\/\"},{\"@type\":\"ListItem\",\"position\":2,\"name\":\"Dataskyddsdeklaration (EU)\"}]},{\"@type\":\"WebSite\",\"@id\":\"https:\/\/staging.brandivaate.fi\/#website\",\"url\":\"https:\/\/staging.brandivaate.fi\/\",\"name\":\"Br\u00e4ndivaate\",\"description\":\"Tehd\u00e4\u00e4n yhdess\u00e4 br\u00e4ndist\u00e4si vahvempi\",\"publisher\":{\"@id\":\"https:\/\/staging.brandivaate.fi\/#organization\"},\"potentialAction\":[{\"@type\":\"SearchAction\",\"target\":{\"@type\":\"EntryPoint\",\"urlTemplate\":\"https:\/\/staging.brandivaate.fi\/?s={search_term_string}\"},\"query-input\":{\"@type\":\"PropertyValueSpecification\",\"valueRequired\":true,\"valueName\":\"search_term_string\"}}],\"inLanguage\":\"sv-SE\"},{\"@type\":\"Organization\",\"@id\":\"https:\/\/staging.brandivaate.fi\/#organization\",\"name\":\"Br\u00e4ndivaate\",\"url\":\"https:\/\/staging.brandivaate.fi\/\",\"logo\":{\"@type\":\"ImageObject\",\"inLanguage\":\"sv-SE\",\"@id\":\"https:\/\/staging.brandivaate.fi\/#\/schema\/logo\/image\/\",\"url\":\"https:\/\/staging.brandivaate.fi\/wp-content\/uploads\/2024\/12\/logo_brandivaate_pos.png\",\"contentUrl\":\"https:\/\/staging.brandivaate.fi\/wp-content\/uploads\/2024\/12\/logo_brandivaate_pos.png\",\"width\":2142,\"height\":368,\"caption\":\"Br\u00e4ndivaate\"},\"image\":{\"@id\":\"https:\/\/staging.brandivaate.fi\/#\/schema\/logo\/image\/\"},\"sameAs\":[\"https:\/\/www.facebook.com\/brandivaate.fi\/\",\"https:\/\/www.instagram.com\/brandivaate\/\",\"https:\/\/www.linkedin.com\/company\/42705921\"]}]}<\/script>\n<!-- \/ Yoast SEO plugin. -->","yoast_head_json":{"title":"Dataskyddsdeklaration (EU) | Br\u00e4ndivaate","robots":{"index":"noindex","follow":"follow","max-snippet":"max-snippet:-1","max-image-preview":"max-image-preview:large","max-video-preview":"max-video-preview:-1"},"og_locale":"sv_SE","og_type":"article","og_title":"Dataskyddsdeklaration (EU) | Br\u00e4ndivaate","og_description":"[cmplz-document type=&#8221;privacy-statement&#8221; region=&#8221;eu&#8221;]","og_url":"https:\/\/staging.brandivaate.fi\/sv\/dataskyddsdeklaration-eu\/","og_site_name":"Br\u00e4ndivaate","article_publisher":"https:\/\/www.facebook.com\/brandivaate.fi\/","article_modified_time":"2025-06-18T07:26:57+00:00","og_image":[{"width":1920,"height":1080,"url":"https:\/\/staging.brandivaate.fi\/wp-content\/uploads\/2024\/12\/jakokuva.jpg","type":"image\/jpeg"}],"twitter_card":"summary_large_image","schema":{"@context":"https:\/\/schema.org","@graph":[{"@type":"WebPage","@id":"https:\/\/staging.brandivaate.fi\/sv\/dataskyddsdeklaration-eu\/","url":"https:\/\/staging.brandivaate.fi\/sv\/dataskyddsdeklaration-eu\/","name":"Dataskyddsdeklaration (EU) | Br\u00e4ndivaate","isPartOf":{"@id":"https:\/\/staging.brandivaate.fi\/#website"},"datePublished":"2022-02-01T07:51:49+00:00","dateModified":"2025-06-18T07:26:57+00:00","breadcrumb":{"@id":"https:\/\/staging.brandivaate.fi\/sv\/dataskyddsdeklaration-eu\/#breadcrumb"},"inLanguage":"sv-SE","potentialAction":[{"@type":"ReadAction","target":["https:\/\/staging.brandivaate.fi\/sv\/dataskyddsdeklaration-eu\/"]}]},{"@type":"BreadcrumbList","@id":"https:\/\/staging.brandivaate.fi\/sv\/dataskyddsdeklaration-eu\/#breadcrumb","itemListElement":[{"@type":"ListItem","position":1,"name":"Etusivu","item":"https:\/\/staging.brandivaate.fi\/sv\/startsida\/"},{"@type":"ListItem","position":2,"name":"Dataskyddsdeklaration (EU)"}]},{"@type":"WebSite","@id":"https:\/\/staging.brandivaate.fi\/#website","url":"https:\/\/staging.brandivaate.fi\/","name":"Br\u00e4ndivaate","description":"Tehd\u00e4\u00e4n yhdess\u00e4 br\u00e4ndist\u00e4si vahvempi","publisher":{"@id":"https:\/\/staging.brandivaate.fi\/#organization"},"potentialAction":[{"@type":"SearchAction","target":{"@type":"EntryPoint","urlTemplate":"https:\/\/staging.brandivaate.fi\/?s={search_term_string}"},"query-input":{"@type":"PropertyValueSpecification","valueRequired":true,"valueName":"search_term_string"}}],"inLanguage":"sv-SE"},{"@type":"Organization","@id":"https:\/\/staging.brandivaate.fi\/#organization","name":"Br\u00e4ndivaate","url":"https:\/\/staging.brandivaate.fi\/","logo":{"@type":"ImageObject","inLanguage":"sv-SE","@id":"https:\/\/staging.brandivaate.fi\/#\/schema\/logo\/image\/","url":"https:\/\/staging.brandivaate.fi\/wp-content\/uploads\/2024\/12\/logo_brandivaate_pos.png","contentUrl":"https:\/\/staging.brandivaate.fi\/wp-content\/uploads\/2024\/12\/logo_brandivaate_pos.png","width":2142,"height":368,"caption":"Br\u00e4ndivaate"},"image":{"@id":"https:\/\/staging.brandivaate.fi\/#\/schema\/logo\/image\/"},"sameAs":["https:\/\/www.facebook.com\/brandivaate.fi\/","https:\/\/www.instagram.com\/brandivaate\/","https:\/\/www.linkedin.com\/company\/42705921"]}]}},"_links":{"self":[{"href":"https:\/\/staging.brandivaate.fi\/sv\/wp-json\/wp\/v2\/pages\/154848","targetHints":{"allow":["GET"]}}],"collection":[{"href":"https:\/\/staging.brandivaate.fi\/sv\/wp-json\/wp\/v2\/pages"}],"about":[{"href":"https:\/\/staging.brandivaate.fi\/sv\/wp-json\/wp\/v2\/types\/page"}],"author":[{"embeddable":true,"href":"https:\/\/staging.brandivaate.fi\/sv\/wp-json\/wp\/v2\/users\/1"}],"replies":[{"embeddable":true,"href":"https:\/\/staging.brandivaate.fi\/sv\/wp-json\/wp\/v2\/comments?post=154848"}],"version-history":[{"count":1,"href":"https:\/\/staging.brandivaate.fi\/sv\/wp-json\/wp\/v2\/pages\/154848\/revisions"}],"predecessor-version":[{"id":154850,"href":"https:\/\/staging.brandivaate.fi\/sv\/wp-json\/wp\/v2\/pages\/154848\/revisions\/154850"}],"wp:attachment":[{"href":"https:\/\/staging.brandivaate.fi\/sv\/wp-json\/wp\/v2\/media?parent=154848"}],"curies":[{"name":"wp","href":"https:\/\/api.w.org\/{rel}","templated":true}]}}