
{"id":154866,"date":"2025-02-26T13:31:07","date_gmt":"2025-02-26T11:31:07","guid":{"rendered":"https:\/\/www.brandivaate.fi\/mitt-konto\/"},"modified":"2025-09-25T17:13:23","modified_gmt":"2025-09-25T14:13:23","slug":"mitt-konto","status":"publish","type":"page","link":"https:\/\/staging.brandivaate.fi\/sv\/mitt-konto\/","title":{"rendered":"Mitt konto"},"content":{"rendered":"\t\t<div data-elementor-type=\"wp-page\" data-elementor-id=\"154866\" class=\"elementor elementor-154866 elementor-4206\" data-elementor-post-type=\"page\">\n\t\t\t\t<div class=\"elementor-element elementor-element-0e0237c e-con-full e-flex e-con e-parent\" data-id=\"0e0237c\" data-element_type=\"container\" data-e-type=\"container\" data-settings=\"{&quot;jet_parallax_layout_list&quot;:[]}\">\n\t\t\t\t<div class=\"elementor-element elementor-element-884b792 elementor-widget elementor-widget-template\" data-id=\"884b792\" data-element_type=\"widget\" data-e-type=\"widget\" data-widget_type=\"template.default\">\n\t\t\t\t<div class=\"elementor-widget-container\">\n\t\t\t\t\t\t\t<div class=\"elementor-template\">\n\t\t\t\t\t<div data-elementor-type=\"container\" data-elementor-id=\"154880\" class=\"elementor elementor-154880 elementor-505\" data-elementor-post-type=\"elementor_library\">\n\t\t\t\t<div class=\"elementor-element elementor-element-a248d32 e-flex e-con-boxed e-con e-parent\" data-id=\"a248d32\" data-element_type=\"container\" data-e-type=\"container\" data-settings=\"{&quot;jet_parallax_layout_list&quot;:[],&quot;background_background&quot;:&quot;classic&quot;}\">\n\t\t\t\t\t<div class=\"e-con-inner\">\n\t\t<div class=\"elementor-element elementor-element-f4dd73a e-con-full e-flex e-con e-child\" data-id=\"f4dd73a\" data-element_type=\"container\" data-e-type=\"container\" data-settings=\"{&quot;jet_parallax_layout_list&quot;:[]}\">\n\t\t\t\t<\/div>\n\t\t<div class=\"elementor-element elementor-element-0ee8f06 e-con-full e-flex e-con e-child\" data-id=\"0ee8f06\" data-element_type=\"container\" data-e-type=\"container\" data-settings=\"{&quot;jet_parallax_layout_list&quot;:[]}\">\n\t\t\t\t<div class=\"elementor-element elementor-element-3b010c7 jet-breadcrumbs-align-center jedv-enabled--yes elementor-widget elementor-widget-jet-breadcrumbs\" data-id=\"3b010c7\" data-element_type=\"widget\" data-e-type=\"widget\" data-widget_type=\"jet-breadcrumbs.default\">\n\t\t\t\t<div class=\"elementor-widget-container\">\n\t\t\t\t\t<div class=\"elementor-jet-breadcrumbs jet-blocks\">\n\t\t<div class=\"jet-breadcrumbs\">\n\t\t<div class=\"jet-breadcrumbs__content\">\n\t\t<div class=\"jet-breadcrumbs__wrap\"><div class=\"jet-breadcrumbs__item\"><a href=\"https:\/\/staging.brandivaate.fi\/sv\/\" class=\"jet-breadcrumbs__item-link is-home\" rel=\"home\" title=\"Startsida\">Startsida<\/a><\/div>\n\t\t<\/div>\n\t\t<\/div>\n\t\t<\/div><\/div>\t\t\t\t<\/div>\n\t\t\t\t<\/div>\n\t\t\t\t<\/div>\n\t\t\t\t\t<\/div>\n\t\t\t\t<\/div>\n\t\t\t\t<\/div>\n\t\t\t\t<\/div>\n\t\t\t\t\t\t<\/div>\n\t\t\t\t<\/div>\n\t\t\t\t<\/div>\n\t\t<div class=\"elementor-element elementor-element-a8dc623 osiomargin e-flex e-con-boxed e-con e-parent\" data-id=\"a8dc623\" data-element_type=\"container\" data-e-type=\"container\" data-settings=\"{&quot;jet_parallax_layout_list&quot;:[]}\">\n\t\t\t\t\t<div class=\"e-con-inner\">\n\t\t<div class=\"elementor-element elementor-element-93ffefe e-con-full jedv-enabled--yes e-flex e-con e-child\" data-id=\"93ffefe\" data-element_type=\"container\" data-e-type=\"container\" data-settings=\"{&quot;jet_parallax_layout_list&quot;:[]}\">\n\t\t\t\t<div class=\"elementor-element elementor-element-e5326da elementor-widget elementor-widget-text-editor\" data-id=\"e5326da\" data-element_type=\"widget\" data-e-type=\"widget\" data-widget_type=\"text-editor.default\">\n\t\t\t\t<div class=\"elementor-widget-container\">\n\t\t\t\t\t\t\t\t\tLogga in i kundens webbshop och best\u00e4ll enkelt om dina egna produkter. Som ny kund ber vi dig kontakta v\u00e5rt s\u00e4ljteam s\u00e5 \u00f6ppnar vi ett konto \u00e5t dig efter din f\u00f6rsta best\u00e4llning. \t\t\t\t\t\t\t\t<\/div>\n\t\t\t\t<\/div>\n\t\t\t\t<\/div>\n\t\t\t\t<div class=\"elementor-element elementor-element-6d80e4b e-my-account-tabs-horizontal elementor-widget__width-inherit elementor-widget elementor-widget-woocommerce-my-account\" data-id=\"6d80e4b\" data-element_type=\"widget\" data-e-type=\"widget\" data-widget_type=\"woocommerce-my-account.default\">\n\t\t\t\t<div class=\"elementor-widget-container\">\n\t\t\t\t\t<div class=\"e-my-account-tab e-my-account-tab__ \">\t\t\t<div class=\"woocommerce\"><\/div>\t\t<\/div>\n\t\t\t\t\t\t<\/div>\n\t\t\t\t<\/div>\n\t\t\t\t\t<\/div>\n\t\t\t\t<\/div>\n\t\t\t\t<\/div>\n\t\t","protected":false},"excerpt":{"rendered":"<p>Tack f\u00f6r att du anm\u00e4lde dig till e-handel f\u00f6r f\u00f6retag! Att best\u00e4lla och hantera dina best\u00e4llningar online \u00e4r enkelt och effektivt i avsnittet &#8220;Mina produkter&#8221;.Om du vill ut\u00f6ka ditt produktsortiment eller beg\u00e4ra en offert p\u00e5 nya produkter, v\u00e4nligen kontakta v\u00e5rt s\u00e4ljteam. V\u00e5rt m\u00e5l \u00e4r att se till att v\u00e5rt sortiment p\u00e5 b\u00e4sta s\u00e4tt tillgodoser behoven [&hellip;]<\/p>\n","protected":false},"author":1,"featured_media":0,"parent":0,"menu_order":0,"comment_status":"closed","ping_status":"closed","template":"elementor_header_footer","meta":{"footnotes":""},"class_list":["post-154866","page","type-page","status-publish","hentry"],"yoast_head":"<!-- This site is optimized with the Yoast SEO plugin v27.2 - https:\/\/yoast.com\/product\/yoast-seo-wordpress\/ -->\n<title>Mitt konto | Br\u00e4ndivaate<\/title>\n<meta name=\"robots\" content=\"noindex, follow, max-snippet:-1, max-image-preview:large, max-video-preview:-1\" \/>\n<meta property=\"og:locale\" content=\"sv_SE\" \/>\n<meta property=\"og:type\" content=\"article\" \/>\n<meta property=\"og:title\" content=\"Mitt konto | Br\u00e4ndivaate\" \/>\n<meta property=\"og:description\" content=\"Tack f\u00f6r att du anm\u00e4lde dig till e-handel f\u00f6r f\u00f6retag! Att best\u00e4lla och hantera dina best\u00e4llningar online \u00e4r enkelt och effektivt i avsnittet &#8220;Mina produkter&#8221;.Om du vill ut\u00f6ka ditt produktsortiment eller beg\u00e4ra en offert p\u00e5 nya produkter, v\u00e4nligen kontakta v\u00e5rt s\u00e4ljteam. V\u00e5rt m\u00e5l \u00e4r att se till att v\u00e5rt sortiment p\u00e5 b\u00e4sta s\u00e4tt tillgodoser behoven [&hellip;]\" \/>\n<meta property=\"og:url\" content=\"https:\/\/staging.brandivaate.fi\/sv\/mitt-konto\/\" \/>\n<meta property=\"og:site_name\" content=\"Br\u00e4ndivaate\" \/>\n<meta property=\"article:publisher\" content=\"https:\/\/www.facebook.com\/brandivaate.fi\/\" \/>\n<meta property=\"article:modified_time\" content=\"2025-09-25T14:13:23+00:00\" \/>\n<meta property=\"og:image\" content=\"https:\/\/staging.brandivaate.fi\/wp-content\/uploads\/2024\/12\/jakokuva.jpg\" \/>\n\t<meta property=\"og:image:width\" content=\"1920\" \/>\n\t<meta property=\"og:image:height\" content=\"1080\" \/>\n\t<meta property=\"og:image:type\" content=\"image\/jpeg\" \/>\n<meta name=\"twitter:card\" content=\"summary_large_image\" \/>\n<meta name=\"twitter:label1\" content=\"Ber\u00e4knad l\u00e4stid\" \/>\n\t<meta name=\"twitter:data1\" content=\"1 minut\" \/>\n<script type=\"application\/ld+json\" class=\"yoast-schema-graph\">{\"@context\":\"https:\/\/schema.org\",\"@graph\":[{\"@type\":\"WebPage\",\"@id\":\"https:\/\/staging.brandivaate.fi\/sv\/mitt-konto\/\",\"url\":\"https:\/\/staging.brandivaate.fi\/sv\/mitt-konto\/\",\"name\":\"Mitt konto | Br\u00e4ndivaate\",\"isPartOf\":{\"@id\":\"https:\/\/staging.brandivaate.fi\/#website\"},\"datePublished\":\"2025-02-26T11:31:07+00:00\",\"dateModified\":\"2025-09-25T14:13:23+00:00\",\"breadcrumb\":{\"@id\":\"https:\/\/staging.brandivaate.fi\/sv\/mitt-konto\/#breadcrumb\"},\"inLanguage\":\"sv-SE\",\"potentialAction\":[{\"@type\":\"ReadAction\",\"target\":[\"https:\/\/staging.brandivaate.fi\/sv\/mitt-konto\/\"]}]},{\"@type\":\"BreadcrumbList\",\"@id\":\"https:\/\/staging.brandivaate.fi\/sv\/mitt-konto\/#breadcrumb\",\"itemListElement\":[{\"@type\":\"ListItem\",\"position\":1,\"name\":\"Etusivu\",\"item\":\"https:\/\/staging.brandivaate.fi\/sv\/startsida\/\"},{\"@type\":\"ListItem\",\"position\":2,\"name\":\"Mitt konto\"}]},{\"@type\":\"WebSite\",\"@id\":\"https:\/\/staging.brandivaate.fi\/#website\",\"url\":\"https:\/\/staging.brandivaate.fi\/\",\"name\":\"Br\u00e4ndivaate\",\"description\":\"Tehd\u00e4\u00e4n yhdess\u00e4 br\u00e4ndist\u00e4si vahvempi\",\"publisher\":{\"@id\":\"https:\/\/staging.brandivaate.fi\/#organization\"},\"potentialAction\":[{\"@type\":\"SearchAction\",\"target\":{\"@type\":\"EntryPoint\",\"urlTemplate\":\"https:\/\/staging.brandivaate.fi\/?s={search_term_string}\"},\"query-input\":{\"@type\":\"PropertyValueSpecification\",\"valueRequired\":true,\"valueName\":\"search_term_string\"}}],\"inLanguage\":\"sv-SE\"},{\"@type\":\"Organization\",\"@id\":\"https:\/\/staging.brandivaate.fi\/#organization\",\"name\":\"Br\u00e4ndivaate\",\"url\":\"https:\/\/staging.brandivaate.fi\/\",\"logo\":{\"@type\":\"ImageObject\",\"inLanguage\":\"sv-SE\",\"@id\":\"https:\/\/staging.brandivaate.fi\/#\/schema\/logo\/image\/\",\"url\":\"https:\/\/staging.brandivaate.fi\/wp-content\/uploads\/2024\/12\/logo_brandivaate_pos.png\",\"contentUrl\":\"https:\/\/staging.brandivaate.fi\/wp-content\/uploads\/2024\/12\/logo_brandivaate_pos.png\",\"width\":2142,\"height\":368,\"caption\":\"Br\u00e4ndivaate\"},\"image\":{\"@id\":\"https:\/\/staging.brandivaate.fi\/#\/schema\/logo\/image\/\"},\"sameAs\":[\"https:\/\/www.facebook.com\/brandivaate.fi\/\",\"https:\/\/www.instagram.com\/brandivaate\/\",\"https:\/\/www.linkedin.com\/company\/42705921\"]}]}<\/script>\n<!-- \/ Yoast SEO plugin. -->","yoast_head_json":{"title":"Mitt konto | Br\u00e4ndivaate","robots":{"index":"noindex","follow":"follow","max-snippet":"max-snippet:-1","max-image-preview":"max-image-preview:large","max-video-preview":"max-video-preview:-1"},"og_locale":"sv_SE","og_type":"article","og_title":"Mitt konto | Br\u00e4ndivaate","og_description":"Tack f\u00f6r att du anm\u00e4lde dig till e-handel f\u00f6r f\u00f6retag! Att best\u00e4lla och hantera dina best\u00e4llningar online \u00e4r enkelt och effektivt i avsnittet &#8220;Mina produkter&#8221;.Om du vill ut\u00f6ka ditt produktsortiment eller beg\u00e4ra en offert p\u00e5 nya produkter, v\u00e4nligen kontakta v\u00e5rt s\u00e4ljteam. V\u00e5rt m\u00e5l \u00e4r att se till att v\u00e5rt sortiment p\u00e5 b\u00e4sta s\u00e4tt tillgodoser behoven [&hellip;]","og_url":"https:\/\/staging.brandivaate.fi\/sv\/mitt-konto\/","og_site_name":"Br\u00e4ndivaate","article_publisher":"https:\/\/www.facebook.com\/brandivaate.fi\/","article_modified_time":"2025-09-25T14:13:23+00:00","og_image":[{"width":1920,"height":1080,"url":"https:\/\/staging.brandivaate.fi\/wp-content\/uploads\/2024\/12\/jakokuva.jpg","type":"image\/jpeg"}],"twitter_card":"summary_large_image","twitter_misc":{"Ber\u00e4knad l\u00e4stid":"1 minut"},"schema":{"@context":"https:\/\/schema.org","@graph":[{"@type":"WebPage","@id":"https:\/\/staging.brandivaate.fi\/sv\/mitt-konto\/","url":"https:\/\/staging.brandivaate.fi\/sv\/mitt-konto\/","name":"Mitt konto | Br\u00e4ndivaate","isPartOf":{"@id":"https:\/\/staging.brandivaate.fi\/#website"},"datePublished":"2025-02-26T11:31:07+00:00","dateModified":"2025-09-25T14:13:23+00:00","breadcrumb":{"@id":"https:\/\/staging.brandivaate.fi\/sv\/mitt-konto\/#breadcrumb"},"inLanguage":"sv-SE","potentialAction":[{"@type":"ReadAction","target":["https:\/\/staging.brandivaate.fi\/sv\/mitt-konto\/"]}]},{"@type":"BreadcrumbList","@id":"https:\/\/staging.brandivaate.fi\/sv\/mitt-konto\/#breadcrumb","itemListElement":[{"@type":"ListItem","position":1,"name":"Etusivu","item":"https:\/\/staging.brandivaate.fi\/sv\/startsida\/"},{"@type":"ListItem","position":2,"name":"Mitt konto"}]},{"@type":"WebSite","@id":"https:\/\/staging.brandivaate.fi\/#website","url":"https:\/\/staging.brandivaate.fi\/","name":"Br\u00e4ndivaate","description":"Tehd\u00e4\u00e4n yhdess\u00e4 br\u00e4ndist\u00e4si vahvempi","publisher":{"@id":"https:\/\/staging.brandivaate.fi\/#organization"},"potentialAction":[{"@type":"SearchAction","target":{"@type":"EntryPoint","urlTemplate":"https:\/\/staging.brandivaate.fi\/?s={search_term_string}"},"query-input":{"@type":"PropertyValueSpecification","valueRequired":true,"valueName":"search_term_string"}}],"inLanguage":"sv-SE"},{"@type":"Organization","@id":"https:\/\/staging.brandivaate.fi\/#organization","name":"Br\u00e4ndivaate","url":"https:\/\/staging.brandivaate.fi\/","logo":{"@type":"ImageObject","inLanguage":"sv-SE","@id":"https:\/\/staging.brandivaate.fi\/#\/schema\/logo\/image\/","url":"https:\/\/staging.brandivaate.fi\/wp-content\/uploads\/2024\/12\/logo_brandivaate_pos.png","contentUrl":"https:\/\/staging.brandivaate.fi\/wp-content\/uploads\/2024\/12\/logo_brandivaate_pos.png","width":2142,"height":368,"caption":"Br\u00e4ndivaate"},"image":{"@id":"https:\/\/staging.brandivaate.fi\/#\/schema\/logo\/image\/"},"sameAs":["https:\/\/www.facebook.com\/brandivaate.fi\/","https:\/\/www.instagram.com\/brandivaate\/","https:\/\/www.linkedin.com\/company\/42705921"]}]}},"_links":{"self":[{"href":"https:\/\/staging.brandivaate.fi\/sv\/wp-json\/wp\/v2\/pages\/154866","targetHints":{"allow":["GET"]}}],"collection":[{"href":"https:\/\/staging.brandivaate.fi\/sv\/wp-json\/wp\/v2\/pages"}],"about":[{"href":"https:\/\/staging.brandivaate.fi\/sv\/wp-json\/wp\/v2\/types\/page"}],"author":[{"embeddable":true,"href":"https:\/\/staging.brandivaate.fi\/sv\/wp-json\/wp\/v2\/users\/1"}],"replies":[{"embeddable":true,"href":"https:\/\/staging.brandivaate.fi\/sv\/wp-json\/wp\/v2\/comments?post=154866"}],"version-history":[{"count":3,"href":"https:\/\/staging.brandivaate.fi\/sv\/wp-json\/wp\/v2\/pages\/154866\/revisions"}],"predecessor-version":[{"id":273184,"href":"https:\/\/staging.brandivaate.fi\/sv\/wp-json\/wp\/v2\/pages\/154866\/revisions\/273184"}],"wp:attachment":[{"href":"https:\/\/staging.brandivaate.fi\/sv\/wp-json\/wp\/v2\/media?parent=154866"}],"curies":[{"name":"wp","href":"https:\/\/api.w.org\/{rel}","templated":true}]}}