
{"id":273072,"date":"2025-09-05T15:16:51","date_gmt":"2025-09-05T12:16:51","guid":{"rendered":"https:\/\/www.brandivaate.fi\/tjanster\/textiltryck\/"},"modified":"2025-09-22T15:46:33","modified_gmt":"2025-09-22T12:46:33","slug":"textiltryck","status":"publish","type":"page","link":"https:\/\/staging.brandivaate.fi\/sv\/tjanster\/textiltryck\/","title":{"rendered":"Textiltryck"},"content":{"rendered":"\t\t<div data-elementor-type=\"wp-page\" data-elementor-id=\"273072\" class=\"elementor elementor-273072 elementor-272043\" data-elementor-post-type=\"page\">\n\t\t\t\t<div class=\"elementor-element elementor-element-4b641c9 e-con-full e-flex e-con e-parent\" data-id=\"4b641c9\" data-element_type=\"container\" data-e-type=\"container\" data-settings=\"{&quot;jet_parallax_layout_list&quot;:[]}\">\n\t\t\t\t<div class=\"elementor-element elementor-element-9b31ff0 elementor-widget elementor-widget-template\" data-id=\"9b31ff0\" data-element_type=\"widget\" data-e-type=\"widget\" data-widget_type=\"template.default\">\n\t\t\t\t<div class=\"elementor-widget-container\">\n\t\t\t\t\t\t\t<div class=\"elementor-template\">\n\t\t\t\t\t<div data-elementor-type=\"container\" data-elementor-id=\"154880\" class=\"elementor elementor-154880 elementor-505\" data-elementor-post-type=\"elementor_library\">\n\t\t\t\t<div class=\"elementor-element elementor-element-a248d32 e-flex e-con-boxed e-con e-parent\" data-id=\"a248d32\" data-element_type=\"container\" data-e-type=\"container\" data-settings=\"{&quot;jet_parallax_layout_list&quot;:[],&quot;background_background&quot;:&quot;classic&quot;}\">\n\t\t\t\t\t<div class=\"e-con-inner\">\n\t\t<div class=\"elementor-element elementor-element-f4dd73a e-con-full e-flex e-con e-child\" data-id=\"f4dd73a\" data-element_type=\"container\" data-e-type=\"container\" data-settings=\"{&quot;jet_parallax_layout_list&quot;:[]}\">\n\t\t\t\t<\/div>\n\t\t<div class=\"elementor-element elementor-element-0ee8f06 e-con-full e-flex e-con e-child\" data-id=\"0ee8f06\" data-element_type=\"container\" data-e-type=\"container\" data-settings=\"{&quot;jet_parallax_layout_list&quot;:[]}\">\n\t\t\t\t<div class=\"elementor-element elementor-element-3b010c7 jet-breadcrumbs-align-center jedv-enabled--yes elementor-widget elementor-widget-jet-breadcrumbs\" data-id=\"3b010c7\" data-element_type=\"widget\" data-e-type=\"widget\" data-widget_type=\"jet-breadcrumbs.default\">\n\t\t\t\t<div class=\"elementor-widget-container\">\n\t\t\t\t\t<div class=\"elementor-jet-breadcrumbs jet-blocks\">\n\t\t<div class=\"jet-breadcrumbs\">\n\t\t<div class=\"jet-breadcrumbs__content\">\n\t\t<div class=\"jet-breadcrumbs__wrap\"><div class=\"jet-breadcrumbs__item\"><a href=\"https:\/\/staging.brandivaate.fi\/sv\/\" class=\"jet-breadcrumbs__item-link is-home\" rel=\"home\" title=\"Startsida\">Startsida<\/a><\/div>\n\t\t<\/div>\n\t\t<\/div>\n\t\t<\/div><\/div>\t\t\t\t<\/div>\n\t\t\t\t<\/div>\n\t\t\t\t<\/div>\n\t\t\t\t\t<\/div>\n\t\t\t\t<\/div>\n\t\t\t\t<\/div>\n\t\t\t\t<\/div>\n\t\t\t\t\t\t<\/div>\n\t\t\t\t<\/div>\n\t\t\t\t<\/div>\n\t\t<div class=\"elementor-element elementor-element-3e05df4 osiomargin e-con-full e-flex e-con e-parent\" data-id=\"3e05df4\" data-element_type=\"container\" data-e-type=\"container\" data-settings=\"{&quot;jet_parallax_layout_list&quot;:[]}\">\n\t\t<div class=\"elementor-element elementor-element-b1155ad e-con-full e-flex e-con e-child\" data-id=\"b1155ad\" data-element_type=\"container\" data-e-type=\"container\" data-settings=\"{&quot;jet_parallax_layout_list&quot;:[]}\">\n\t\t\t\t<div class=\"elementor-element elementor-element-1cefe32 elementor-widget elementor-widget-heading\" data-id=\"1cefe32\" data-element_type=\"widget\" data-e-type=\"widget\" data-widget_type=\"heading.default\">\n\t\t\t\t<div class=\"elementor-widget-container\">\n\t\t\t\t\t<h2 class=\"elementor-heading-title elementor-size-default\">DTF- och DTG-tryck passar f\u00f6r b\u00e5de sm\u00e5 och stora best\u00e4llningar  <\/h2>\t\t\t\t<\/div>\n\t\t\t\t<\/div>\n\t\t\t\t<div class=\"elementor-element elementor-element-151b3f5 elementor-widget elementor-widget-text-editor\" data-id=\"151b3f5\" data-element_type=\"widget\" data-e-type=\"widget\" data-widget_type=\"text-editor.default\">\n\t\t\t\t<div class=\"elementor-widget-container\">\n\t\t\t\t\t\t\t\t\t<p><strong>Direct<\/strong> <strong>to Film<\/strong> eller <strong>DTF<\/strong> \u00e4r en m\u00e5ngsidig tryckmetod d\u00e4r den \u00f6nskade bilden trycks p\u00e5 en speciell film. Fr\u00e5n filmen <strong>\u00f6verf\u00f6rs bilden till en textil<\/strong> eller ett plagg med hj\u00e4lp av en v\u00e4rmepress. DTF &#8211; \u00e4ven kallat <strong>transfertryck<\/strong> &#8211; \u00e4r en modern, mycket f\u00e4rgm\u00e4ttad och slitstark tryckprocess. Tryckprocessen g\u00f6r det m\u00f6jligt att f\u00e5 ett <strong>mycket imponerande och skarpt<\/strong> tryck. DTF \u00e4r den mest anv\u00e4nda tryckmetoden och \u00e4r idealisk f\u00f6r f\u00f6rs\u00e4ljningsprodukter som t.ex. merchandising.    <\/p><p><strong>DTG-tryck<\/strong> <strong>(Direct to Garment)<\/strong> anv\u00e4nds framf\u00f6r allt f\u00f6r bomullstextilier, n\u00e4r bilden ska tryckas direkt p\u00e5 textilens yta. Detta g\u00f6r att slutresultatet f\u00e5r en <strong>mycket god andningsf\u00f6rm\u00e5ga<\/strong>. J\u00e4mf\u00f6rt med DTF-tryck \u00e4r DTG-tryck n\u00e5got snabbare, eftersom den f\u00e4rdiga bilden trycks direkt p\u00e5 produktens yta utan behov av separat tryckning och pressning.  <\/p>\t\t\t\t\t\t\t\t<\/div>\n\t\t\t\t<\/div>\n\t\t\t\t<\/div>\n\t\t<div class=\"elementor-element elementor-element-10ce263 e-con-full e-flex e-con e-child\" data-id=\"10ce263\" data-element_type=\"container\" data-e-type=\"container\" data-settings=\"{&quot;jet_parallax_layout_list&quot;:[],&quot;background_background&quot;:&quot;classic&quot;}\">\n\t\t\t\t<\/div>\n\t\t\t\t<\/div>\n\t\t<div class=\"elementor-element elementor-element-520cab6 osiopadding e-con-full e-flex e-con e-parent\" data-id=\"520cab6\" data-element_type=\"container\" data-e-type=\"container\" data-settings=\"{&quot;jet_parallax_layout_list&quot;:[],&quot;background_background&quot;:&quot;classic&quot;,&quot;shape_divider_top&quot;:&quot;triangle-asymmetrical&quot;}\">\n\t\t\t\t<div class=\"elementor-shape elementor-shape-top\" aria-hidden=\"true\" data-negative=\"false\">\n\t\t\t<svg xmlns=\"http:\/\/www.w3.org\/2000\/svg\" viewBox=\"0 0 1000 100\" preserveAspectRatio=\"none\">\n\t<path class=\"elementor-shape-fill\" d=\"M738,99l262-93V0H0v5.6L738,99z\"\/>\n<\/svg>\t\t<\/div>\n\t\t<div class=\"elementor-element elementor-element-aae51bd e-con-full e-flex e-con e-child\" data-id=\"aae51bd\" data-element_type=\"container\" data-e-type=\"container\" data-settings=\"{&quot;jet_parallax_layout_list&quot;:[]}\">\n\t\t<div class=\"elementor-element elementor-element-ef7a2e2 e-con-full e-flex e-con e-child\" data-id=\"ef7a2e2\" data-element_type=\"container\" data-e-type=\"container\" data-settings=\"{&quot;jet_parallax_layout_list&quot;:[]}\">\n\t\t\t\t<div class=\"elementor-element elementor-element-c42ef50 elementor-widget elementor-widget-heading\" data-id=\"c42ef50\" data-element_type=\"widget\" data-e-type=\"widget\" data-widget_type=\"heading.default\">\n\t\t\t\t<div class=\"elementor-widget-container\">\n\t\t\t\t\t<h2 class=\"elementor-heading-title elementor-size-default\">Screentryck g\u00f6r det m\u00f6jligt att trycka i Pantone-nyanser  <\/h2>\t\t\t\t<\/div>\n\t\t\t\t<\/div>\n\t\t\t\t<\/div>\n\t\t\t\t<div class=\"elementor-element elementor-element-2f26add elementor-widget elementor-widget-text-editor\" data-id=\"2f26add\" data-element_type=\"widget\" data-e-type=\"widget\" data-widget_type=\"text-editor.default\">\n\t\t\t\t<div class=\"elementor-widget-container\">\n\t\t\t\t\t\t\t\t\t<p>Det v\u00e4letablerade screentrycket \u00e4r en h\u00e5llbar tryckmetod d\u00e4r <strong>f\u00e4rgerna trycks en efter en genom en duk p\u00e5 textilens yta.<\/strong> Screentryck \u00e4r ett bra val f\u00f6r stora upplagor och enkla bilder som t.ex. logotyper. <\/p><p>Silkscreentrycket ger <strong>en smidig och mjuk<\/strong> yta och en mycket exakt f\u00e4rg. Det \u00e4r den enda metod som kan trycka en exakt <strong>Pantone-f\u00e4rg<\/strong>. Screentryck rekommenderas f\u00f6r st\u00f6rre best\u00e4llningar p\u00e5 mer \u00e4n 100 produkter, vilket minskar kostnaderna avsev\u00e4rt. Priset best\u00e4ms av antalet f\u00e4rger som anv\u00e4nds.   <\/p>\t\t\t\t\t\t\t\t<\/div>\n\t\t\t\t<\/div>\n\t\t\t\t<\/div>\n\t\t<div class=\"elementor-element elementor-element-ecc082e e-con-full e-flex e-con e-child\" data-id=\"ecc082e\" data-element_type=\"container\" data-e-type=\"container\" data-settings=\"{&quot;jet_parallax_layout_list&quot;:[],&quot;background_background&quot;:&quot;classic&quot;}\">\n\t\t\t\t<\/div>\n\t\t\t\t<\/div>\n\t\t<div class=\"elementor-element elementor-element-cda7253 osiopaddingbottom e-con-full e-flex e-con e-parent\" data-id=\"cda7253\" data-element_type=\"container\" data-e-type=\"container\" data-settings=\"{&quot;jet_parallax_layout_list&quot;:[],&quot;background_background&quot;:&quot;classic&quot;}\">\n\t\t<div class=\"elementor-element elementor-element-2917ad3 e-con-full e-flex e-con e-child\" data-id=\"2917ad3\" data-element_type=\"container\" data-e-type=\"container\" data-settings=\"{&quot;jet_parallax_layout_list&quot;:[]}\">\n\t\t<div class=\"elementor-element elementor-element-1387e9e e-con-full e-flex e-con e-child\" data-id=\"1387e9e\" data-element_type=\"container\" data-e-type=\"container\" data-settings=\"{&quot;jet_parallax_layout_list&quot;:[]}\">\n\t\t\t\t<div class=\"elementor-element elementor-element-467bfaf elementor-widget elementor-widget-heading\" data-id=\"467bfaf\" data-element_type=\"widget\" data-e-type=\"widget\" data-widget_type=\"heading.default\">\n\t\t\t\t<div class=\"elementor-widget-container\">\n\t\t\t\t\t<h2 class=\"elementor-heading-title elementor-size-default\">Sublimeringstryck \u00e4r ocks\u00e5 l\u00e4mpligt f\u00f6r produkter  <\/h2>\t\t\t\t<\/div>\n\t\t\t\t<\/div>\n\t\t\t\t<\/div>\n\t\t\t\t<div class=\"elementor-element elementor-element-3db14ae elementor-widget elementor-widget-text-editor\" data-id=\"3db14ae\" data-element_type=\"widget\" data-e-type=\"widget\" data-widget_type=\"text-editor.default\">\n\t\t\t\t<div class=\"elementor-widget-container\">\n\t\t\t\t\t\t\t\t\t<p>Sublimeringstryck anv\u00e4nds vanligtvis <strong>f\u00f6r sportkl\u00e4der, tr\u00f6jor eller tekniska reklammaterial som t.ex. tubahuvor<\/strong>. Sublimering \u00e4r en tryckprocess d\u00e4r f\u00e4rgen avdunstar direkt p\u00e5 polyestertyget. P\u00e5 s\u00e5 s\u00e4tt bleknar inte f\u00e4rgen och trycket spricker inte med tiden.  <\/p><p>Sublimeringstryck anv\u00e4nds f\u00f6r att skapa ett tryck <strong>som t\u00e4cker hela produkten.<\/strong> Sublimering kan ocks\u00e5 anv\u00e4ndas p\u00e5 keramik- eller plastf\u00f6rem\u00e5l. <\/p><p>Ta reda p\u00e5 mer om de olika s\u00e4tten att m\u00e4rka produkter.<\/p>\t\t\t\t\t\t\t\t<\/div>\n\t\t\t\t<\/div>\n\t\t\t\t<div class=\"elementor-element elementor-element-6e93ec8 elementor-invisible elementor-widget elementor-widget-button\" data-id=\"6e93ec8\" data-element_type=\"widget\" data-e-type=\"widget\" data-settings=\"{&quot;_animation&quot;:&quot;fadeInUp&quot;}\" data-widget_type=\"button.default\">\n\t\t\t\t<div class=\"elementor-widget-container\">\n\t\t\t\t\t\t\t\t\t<div class=\"elementor-button-wrapper\">\n\t\t\t\t\t<a class=\"elementor-button elementor-button-link elementor-size-sm elementor-animation-float\" href=\"https:\/\/staging.brandivaate.fi\/sv\/tjanster\/markning-av-produkter\/\">\n\t\t\t\t\t\t<span class=\"elementor-button-content-wrapper\">\n\t\t\t\t\t\t\t\t\t<span class=\"elementor-button-text\">Flaggning<\/span>\n\t\t\t\t\t<\/span>\n\t\t\t\t\t<\/a>\n\t\t\t\t<\/div>\n\t\t\t\t\t\t\t\t<\/div>\n\t\t\t\t<\/div>\n\t\t\t\t<\/div>\n\t\t<div class=\"elementor-element elementor-element-9abf033 e-con-full e-flex e-con e-child\" data-id=\"9abf033\" data-element_type=\"container\" data-e-type=\"container\" data-settings=\"{&quot;jet_parallax_layout_list&quot;:[],&quot;background_background&quot;:&quot;classic&quot;}\">\n\t\t\t\t<\/div>\n\t\t\t\t<\/div>\n\t\t\t\t<\/div>\n\t\t","protected":false},"excerpt":{"rendered":"<p>DTF- och DTG-tryck passar f\u00f6r b\u00e5de sm\u00e5 och stora best\u00e4llningar Direct to Film eller DTF \u00e4r en m\u00e5ngsidig tryckmetod d\u00e4r den \u00f6nskade bilden trycks p\u00e5 en speciell film. Fr\u00e5n filmen \u00f6verf\u00f6rs bilden till en textil eller ett plagg med hj\u00e4lp av en v\u00e4rmepress. DTF &#8211; \u00e4ven kallat transfertryck &#8211; \u00e4r en modern, mycket f\u00e4rgm\u00e4ttad och [&hellip;]<\/p>\n","protected":false},"author":1,"featured_media":272168,"parent":154862,"menu_order":0,"comment_status":"closed","ping_status":"closed","template":"","meta":{"footnotes":""},"class_list":["post-273072","page","type-page","status-publish","has-post-thumbnail","hentry"],"yoast_head":"<!-- This site is optimized with the Yoast SEO plugin v27.2 - https:\/\/yoast.com\/product\/yoast-seo-wordpress\/ -->\n<title>DTF och DTG | Digitaltryck | Textilier med din logotyp | Br\u00e4ndivaate%<\/title>\n<meta name=\"description\" content=\"DTF- och DTG-tryck samt andra digitala tryckmetoder. Vi utf\u00f6r \u00e4ven tryckning med sublaminering och transfertryck.\" \/>\n<meta name=\"robots\" content=\"noindex, follow, max-snippet:-1, max-image-preview:large, max-video-preview:-1\" \/>\n<meta property=\"og:locale\" content=\"sv_SE\" \/>\n<meta property=\"og:type\" content=\"article\" \/>\n<meta property=\"og:title\" content=\"DTF och DTG | Digitaltryck | Textilier med din logotyp | Br\u00e4ndivaate%\" \/>\n<meta property=\"og:description\" content=\"DTF- och DTG-tryck samt andra digitala tryckmetoder. Vi utf\u00f6r \u00e4ven tryckning med sublaminering och transfertryck.\" \/>\n<meta property=\"og:url\" content=\"https:\/\/staging.brandivaate.fi\/sv\/tjanster\/textiltryck\/\" \/>\n<meta property=\"og:site_name\" content=\"Br\u00e4ndivaate\" \/>\n<meta property=\"article:publisher\" content=\"https:\/\/www.facebook.com\/brandivaate.fi\/\" \/>\n<meta property=\"article:modified_time\" content=\"2025-09-22T12:46:33+00:00\" \/>\n<meta property=\"og:image\" content=\"https:\/\/staging.brandivaate.fi\/wp-content\/uploads\/2025\/09\/Lofbergs-dtf-painatus.jpg\" \/>\n\t<meta property=\"og:image:width\" content=\"1920\" \/>\n\t<meta property=\"og:image:height\" content=\"1080\" \/>\n\t<meta property=\"og:image:type\" content=\"image\/jpeg\" \/>\n<meta name=\"twitter:card\" content=\"summary_large_image\" \/>\n<meta name=\"twitter:label1\" content=\"Ber\u00e4knad l\u00e4stid\" \/>\n\t<meta name=\"twitter:data1\" content=\"2 minuter\" \/>\n<script type=\"application\/ld+json\" class=\"yoast-schema-graph\">{\"@context\":\"https:\/\/schema.org\",\"@graph\":[{\"@type\":\"WebPage\",\"@id\":\"https:\/\/staging.brandivaate.fi\/sv\/tjanster\/textiltryck\/\",\"url\":\"https:\/\/staging.brandivaate.fi\/sv\/tjanster\/textiltryck\/\",\"name\":\"DTF och DTG | Digitaltryck | Textilier med din logotyp | Br\u00e4ndivaate%\",\"isPartOf\":{\"@id\":\"https:\/\/staging.brandivaate.fi\/#website\"},\"primaryImageOfPage\":{\"@id\":\"https:\/\/staging.brandivaate.fi\/sv\/tjanster\/textiltryck\/#primaryimage\"},\"image\":{\"@id\":\"https:\/\/staging.brandivaate.fi\/sv\/tjanster\/textiltryck\/#primaryimage\"},\"thumbnailUrl\":\"https:\/\/staging.brandivaate.fi\/wp-content\/uploads\/2025\/09\/Lofbergs-dtf-painatus.jpg\",\"datePublished\":\"2025-09-05T12:16:51+00:00\",\"dateModified\":\"2025-09-22T12:46:33+00:00\",\"description\":\"DTF- och DTG-tryck samt andra digitala tryckmetoder. Vi utf\u00f6r \u00e4ven tryckning med sublaminering och transfertryck.\",\"breadcrumb\":{\"@id\":\"https:\/\/staging.brandivaate.fi\/sv\/tjanster\/textiltryck\/#breadcrumb\"},\"inLanguage\":\"sv-SE\",\"potentialAction\":[{\"@type\":\"ReadAction\",\"target\":[\"https:\/\/staging.brandivaate.fi\/sv\/tjanster\/textiltryck\/\"]}]},{\"@type\":\"ImageObject\",\"inLanguage\":\"sv-SE\",\"@id\":\"https:\/\/staging.brandivaate.fi\/sv\/tjanster\/textiltryck\/#primaryimage\",\"url\":\"https:\/\/staging.brandivaate.fi\/wp-content\/uploads\/2025\/09\/Lofbergs-dtf-painatus.jpg\",\"contentUrl\":\"https:\/\/staging.brandivaate.fi\/wp-content\/uploads\/2025\/09\/Lofbergs-dtf-painatus.jpg\",\"width\":1920,\"height\":1080},{\"@type\":\"BreadcrumbList\",\"@id\":\"https:\/\/staging.brandivaate.fi\/sv\/tjanster\/textiltryck\/#breadcrumb\",\"itemListElement\":[{\"@type\":\"ListItem\",\"position\":1,\"name\":\"Etusivu\",\"item\":\"https:\/\/staging.brandivaate.fi\/sv\/startsida\/\"},{\"@type\":\"ListItem\",\"position\":2,\"name\":\"Tj\u00e4nster\",\"item\":\"https:\/\/staging.brandivaate.fi\/sv\/tjanster\/\"},{\"@type\":\"ListItem\",\"position\":3,\"name\":\"Textiltryck\"}]},{\"@type\":\"WebSite\",\"@id\":\"https:\/\/staging.brandivaate.fi\/#website\",\"url\":\"https:\/\/staging.brandivaate.fi\/\",\"name\":\"Br\u00e4ndivaate\",\"description\":\"Tehd\u00e4\u00e4n yhdess\u00e4 br\u00e4ndist\u00e4si vahvempi\",\"publisher\":{\"@id\":\"https:\/\/staging.brandivaate.fi\/#organization\"},\"potentialAction\":[{\"@type\":\"SearchAction\",\"target\":{\"@type\":\"EntryPoint\",\"urlTemplate\":\"https:\/\/staging.brandivaate.fi\/?s={search_term_string}\"},\"query-input\":{\"@type\":\"PropertyValueSpecification\",\"valueRequired\":true,\"valueName\":\"search_term_string\"}}],\"inLanguage\":\"sv-SE\"},{\"@type\":\"Organization\",\"@id\":\"https:\/\/staging.brandivaate.fi\/#organization\",\"name\":\"Br\u00e4ndivaate\",\"url\":\"https:\/\/staging.brandivaate.fi\/\",\"logo\":{\"@type\":\"ImageObject\",\"inLanguage\":\"sv-SE\",\"@id\":\"https:\/\/staging.brandivaate.fi\/#\/schema\/logo\/image\/\",\"url\":\"https:\/\/staging.brandivaate.fi\/wp-content\/uploads\/2024\/12\/logo_brandivaate_pos.png\",\"contentUrl\":\"https:\/\/staging.brandivaate.fi\/wp-content\/uploads\/2024\/12\/logo_brandivaate_pos.png\",\"width\":2142,\"height\":368,\"caption\":\"Br\u00e4ndivaate\"},\"image\":{\"@id\":\"https:\/\/staging.brandivaate.fi\/#\/schema\/logo\/image\/\"},\"sameAs\":[\"https:\/\/www.facebook.com\/brandivaate.fi\/\",\"https:\/\/www.instagram.com\/brandivaate\/\",\"https:\/\/www.linkedin.com\/company\/42705921\"]}]}<\/script>\n<!-- \/ Yoast SEO plugin. -->","yoast_head_json":{"title":"DTF och DTG | Digitaltryck | Textilier med din logotyp | Br\u00e4ndivaate%","description":"DTF- och DTG-tryck samt andra digitala tryckmetoder. Vi utf\u00f6r \u00e4ven tryckning med sublaminering och transfertryck.","robots":{"index":"noindex","follow":"follow","max-snippet":"max-snippet:-1","max-image-preview":"max-image-preview:large","max-video-preview":"max-video-preview:-1"},"og_locale":"sv_SE","og_type":"article","og_title":"DTF och DTG | Digitaltryck | Textilier med din logotyp | Br\u00e4ndivaate%","og_description":"DTF- och DTG-tryck samt andra digitala tryckmetoder. Vi utf\u00f6r \u00e4ven tryckning med sublaminering och transfertryck.","og_url":"https:\/\/staging.brandivaate.fi\/sv\/tjanster\/textiltryck\/","og_site_name":"Br\u00e4ndivaate","article_publisher":"https:\/\/www.facebook.com\/brandivaate.fi\/","article_modified_time":"2025-09-22T12:46:33+00:00","og_image":[{"width":1920,"height":1080,"url":"https:\/\/staging.brandivaate.fi\/wp-content\/uploads\/2025\/09\/Lofbergs-dtf-painatus.jpg","type":"image\/jpeg"}],"twitter_card":"summary_large_image","twitter_misc":{"Ber\u00e4knad l\u00e4stid":"2 minuter"},"schema":{"@context":"https:\/\/schema.org","@graph":[{"@type":"WebPage","@id":"https:\/\/staging.brandivaate.fi\/sv\/tjanster\/textiltryck\/","url":"https:\/\/staging.brandivaate.fi\/sv\/tjanster\/textiltryck\/","name":"DTF och DTG | Digitaltryck | Textilier med din logotyp | Br\u00e4ndivaate%","isPartOf":{"@id":"https:\/\/staging.brandivaate.fi\/#website"},"primaryImageOfPage":{"@id":"https:\/\/staging.brandivaate.fi\/sv\/tjanster\/textiltryck\/#primaryimage"},"image":{"@id":"https:\/\/staging.brandivaate.fi\/sv\/tjanster\/textiltryck\/#primaryimage"},"thumbnailUrl":"https:\/\/staging.brandivaate.fi\/wp-content\/uploads\/2025\/09\/Lofbergs-dtf-painatus.jpg","datePublished":"2025-09-05T12:16:51+00:00","dateModified":"2025-09-22T12:46:33+00:00","description":"DTF- och DTG-tryck samt andra digitala tryckmetoder. Vi utf\u00f6r \u00e4ven tryckning med sublaminering och transfertryck.","breadcrumb":{"@id":"https:\/\/staging.brandivaate.fi\/sv\/tjanster\/textiltryck\/#breadcrumb"},"inLanguage":"sv-SE","potentialAction":[{"@type":"ReadAction","target":["https:\/\/staging.brandivaate.fi\/sv\/tjanster\/textiltryck\/"]}]},{"@type":"ImageObject","inLanguage":"sv-SE","@id":"https:\/\/staging.brandivaate.fi\/sv\/tjanster\/textiltryck\/#primaryimage","url":"https:\/\/staging.brandivaate.fi\/wp-content\/uploads\/2025\/09\/Lofbergs-dtf-painatus.jpg","contentUrl":"https:\/\/staging.brandivaate.fi\/wp-content\/uploads\/2025\/09\/Lofbergs-dtf-painatus.jpg","width":1920,"height":1080},{"@type":"BreadcrumbList","@id":"https:\/\/staging.brandivaate.fi\/sv\/tjanster\/textiltryck\/#breadcrumb","itemListElement":[{"@type":"ListItem","position":1,"name":"Etusivu","item":"https:\/\/staging.brandivaate.fi\/sv\/startsida\/"},{"@type":"ListItem","position":2,"name":"Tj\u00e4nster","item":"https:\/\/staging.brandivaate.fi\/sv\/tjanster\/"},{"@type":"ListItem","position":3,"name":"Textiltryck"}]},{"@type":"WebSite","@id":"https:\/\/staging.brandivaate.fi\/#website","url":"https:\/\/staging.brandivaate.fi\/","name":"Br\u00e4ndivaate","description":"Tehd\u00e4\u00e4n yhdess\u00e4 br\u00e4ndist\u00e4si vahvempi","publisher":{"@id":"https:\/\/staging.brandivaate.fi\/#organization"},"potentialAction":[{"@type":"SearchAction","target":{"@type":"EntryPoint","urlTemplate":"https:\/\/staging.brandivaate.fi\/?s={search_term_string}"},"query-input":{"@type":"PropertyValueSpecification","valueRequired":true,"valueName":"search_term_string"}}],"inLanguage":"sv-SE"},{"@type":"Organization","@id":"https:\/\/staging.brandivaate.fi\/#organization","name":"Br\u00e4ndivaate","url":"https:\/\/staging.brandivaate.fi\/","logo":{"@type":"ImageObject","inLanguage":"sv-SE","@id":"https:\/\/staging.brandivaate.fi\/#\/schema\/logo\/image\/","url":"https:\/\/staging.brandivaate.fi\/wp-content\/uploads\/2024\/12\/logo_brandivaate_pos.png","contentUrl":"https:\/\/staging.brandivaate.fi\/wp-content\/uploads\/2024\/12\/logo_brandivaate_pos.png","width":2142,"height":368,"caption":"Br\u00e4ndivaate"},"image":{"@id":"https:\/\/staging.brandivaate.fi\/#\/schema\/logo\/image\/"},"sameAs":["https:\/\/www.facebook.com\/brandivaate.fi\/","https:\/\/www.instagram.com\/brandivaate\/","https:\/\/www.linkedin.com\/company\/42705921"]}]}},"_links":{"self":[{"href":"https:\/\/staging.brandivaate.fi\/sv\/wp-json\/wp\/v2\/pages\/273072","targetHints":{"allow":["GET"]}}],"collection":[{"href":"https:\/\/staging.brandivaate.fi\/sv\/wp-json\/wp\/v2\/pages"}],"about":[{"href":"https:\/\/staging.brandivaate.fi\/sv\/wp-json\/wp\/v2\/types\/page"}],"author":[{"embeddable":true,"href":"https:\/\/staging.brandivaate.fi\/sv\/wp-json\/wp\/v2\/users\/1"}],"replies":[{"embeddable":true,"href":"https:\/\/staging.brandivaate.fi\/sv\/wp-json\/wp\/v2\/comments?post=273072"}],"version-history":[{"count":1,"href":"https:\/\/staging.brandivaate.fi\/sv\/wp-json\/wp\/v2\/pages\/273072\/revisions"}],"predecessor-version":[{"id":273074,"href":"https:\/\/staging.brandivaate.fi\/sv\/wp-json\/wp\/v2\/pages\/273072\/revisions\/273074"}],"up":[{"embeddable":true,"href":"https:\/\/staging.brandivaate.fi\/sv\/wp-json\/wp\/v2\/pages\/154862"}],"wp:featuredmedia":[{"embeddable":true,"href":"https:\/\/staging.brandivaate.fi\/sv\/wp-json\/wp\/v2\/media\/272168"}],"wp:attachment":[{"href":"https:\/\/staging.brandivaate.fi\/sv\/wp-json\/wp\/v2\/media?parent=273072"}],"curies":[{"name":"wp","href":"https:\/\/api.w.org\/{rel}","templated":true}]}}