
{"id":273075,"date":"2025-09-05T15:18:39","date_gmt":"2025-09-05T12:18:39","guid":{"rendered":"https:\/\/www.brandivaate.fi\/tjanster\/markning-av-produkter\/"},"modified":"2025-10-03T10:28:36","modified_gmt":"2025-10-03T07:28:36","slug":"markning-av-produkter","status":"publish","type":"page","link":"https:\/\/staging.brandivaate.fi\/sv\/tjanster\/markning-av-produkter\/","title":{"rendered":"M\u00e4rkning av produkter"},"content":{"rendered":"\t\t<div data-elementor-type=\"wp-page\" data-elementor-id=\"273075\" class=\"elementor elementor-273075 elementor-272048\" data-elementor-post-type=\"page\">\n\t\t\t\t<div class=\"elementor-element elementor-element-4b641c9 e-con-full e-flex e-con e-parent\" data-id=\"4b641c9\" data-element_type=\"container\" data-e-type=\"container\" data-settings=\"{&quot;jet_parallax_layout_list&quot;:[]}\">\n\t\t\t\t<div class=\"elementor-element elementor-element-9b31ff0 elementor-widget elementor-widget-template\" data-id=\"9b31ff0\" data-element_type=\"widget\" data-e-type=\"widget\" data-widget_type=\"template.default\">\n\t\t\t\t<div class=\"elementor-widget-container\">\n\t\t\t\t\t\t\t<div class=\"elementor-template\">\n\t\t\t\t\t<div data-elementor-type=\"container\" data-elementor-id=\"154880\" class=\"elementor elementor-154880 elementor-505\" data-elementor-post-type=\"elementor_library\">\n\t\t\t\t<div class=\"elementor-element elementor-element-a248d32 e-flex e-con-boxed e-con e-parent\" data-id=\"a248d32\" data-element_type=\"container\" data-e-type=\"container\" data-settings=\"{&quot;jet_parallax_layout_list&quot;:[],&quot;background_background&quot;:&quot;classic&quot;}\">\n\t\t\t\t\t<div class=\"e-con-inner\">\n\t\t<div class=\"elementor-element elementor-element-f4dd73a e-con-full e-flex e-con e-child\" data-id=\"f4dd73a\" data-element_type=\"container\" data-e-type=\"container\" data-settings=\"{&quot;jet_parallax_layout_list&quot;:[]}\">\n\t\t\t\t<\/div>\n\t\t<div class=\"elementor-element elementor-element-0ee8f06 e-con-full e-flex e-con e-child\" data-id=\"0ee8f06\" data-element_type=\"container\" data-e-type=\"container\" data-settings=\"{&quot;jet_parallax_layout_list&quot;:[]}\">\n\t\t\t\t<div class=\"elementor-element elementor-element-3b010c7 jet-breadcrumbs-align-center jedv-enabled--yes elementor-widget elementor-widget-jet-breadcrumbs\" data-id=\"3b010c7\" data-element_type=\"widget\" data-e-type=\"widget\" data-widget_type=\"jet-breadcrumbs.default\">\n\t\t\t\t<div class=\"elementor-widget-container\">\n\t\t\t\t\t<div class=\"elementor-jet-breadcrumbs jet-blocks\">\n\t\t<div class=\"jet-breadcrumbs\">\n\t\t<div class=\"jet-breadcrumbs__content\">\n\t\t<div class=\"jet-breadcrumbs__wrap\"><div class=\"jet-breadcrumbs__item\"><a href=\"https:\/\/staging.brandivaate.fi\/sv\/\" class=\"jet-breadcrumbs__item-link is-home\" rel=\"home\" title=\"Startsida\">Startsida<\/a><\/div>\n\t\t<\/div>\n\t\t<\/div>\n\t\t<\/div><\/div>\t\t\t\t<\/div>\n\t\t\t\t<\/div>\n\t\t\t\t<\/div>\n\t\t\t\t\t<\/div>\n\t\t\t\t<\/div>\n\t\t\t\t<\/div>\n\t\t\t\t<\/div>\n\t\t\t\t\t\t<\/div>\n\t\t\t\t<\/div>\n\t\t\t\t<\/div>\n\t\t<div class=\"elementor-element elementor-element-51a8365 osiomargin e-con-full e-flex e-con e-parent\" data-id=\"51a8365\" data-element_type=\"container\" data-e-type=\"container\" data-settings=\"{&quot;jet_parallax_layout_list&quot;:[]}\">\n\t\t<div class=\"elementor-element elementor-element-a212840 e-con-full e-flex e-con e-child\" data-id=\"a212840\" data-element_type=\"container\" data-e-type=\"container\" data-settings=\"{&quot;jet_parallax_layout_list&quot;:[]}\">\n\t\t\t\t<div class=\"elementor-element elementor-element-ea14c83 elementor-widget elementor-widget-heading\" data-id=\"ea14c83\" data-element_type=\"widget\" data-e-type=\"widget\" data-widget_type=\"heading.default\">\n\t\t\t\t<div class=\"elementor-widget-container\">\n\t\t\t\t\t<h2 class=\"elementor-heading-title elementor-size-default\">360\u00b0 digitaltryck som passar f\u00f6r flaskor och cylindrar<\/h2>\t\t\t\t<\/div>\n\t\t\t\t<\/div>\n\t\t\t\t<div class=\"elementor-element elementor-element-79cc5fd elementor-widget elementor-widget-text-editor\" data-id=\"79cc5fd\" data-element_type=\"widget\" data-e-type=\"widget\" data-widget_type=\"text-editor.default\">\n\t\t\t\t<div class=\"elementor-widget-container\">\n\t\t\t\t\t\t\t\t\t<p><strong>Digitalt tryck runt hela produkten<\/strong> \u00e4r m\u00f6jligt direkt p\u00e5 produktens yta. 360-graders t\u00e4ckning \u00e4r l\u00e4mplig f\u00f6r tryck p\u00e5 <strong>plast- eller glasflaskor, termosar<\/strong> och andra cylindriska produkter. <\/p><p>360-tryck erbjuder ett brett utbud av anpassningsm\u00f6jligheter, eftersom du kan designa <strong>ditt eget tryck f\u00f6r<\/strong> produkten.<\/p>\t\t\t\t\t\t\t\t<\/div>\n\t\t\t\t<\/div>\n\t\t\t\t<\/div>\n\t\t<div class=\"elementor-element elementor-element-ab7a79f e-con-full e-flex e-con e-child\" data-id=\"ab7a79f\" data-element_type=\"container\" data-e-type=\"container\" data-settings=\"{&quot;jet_parallax_layout_list&quot;:[],&quot;background_background&quot;:&quot;classic&quot;}\">\n\t\t\t\t<\/div>\n\t\t\t\t<\/div>\n\t\t<div class=\"elementor-element elementor-element-b63b87e osiopadding e-con-full e-flex e-con e-parent\" data-id=\"b63b87e\" data-element_type=\"container\" data-e-type=\"container\" data-settings=\"{&quot;jet_parallax_layout_list&quot;:[],&quot;background_background&quot;:&quot;classic&quot;,&quot;shape_divider_top&quot;:&quot;triangle-asymmetrical&quot;}\">\n\t\t\t\t<div class=\"elementor-shape elementor-shape-top\" aria-hidden=\"true\" data-negative=\"false\">\n\t\t\t<svg xmlns=\"http:\/\/www.w3.org\/2000\/svg\" viewBox=\"0 0 1000 100\" preserveAspectRatio=\"none\">\n\t<path class=\"elementor-shape-fill\" d=\"M738,99l262-93V0H0v5.6L738,99z\"\/>\n<\/svg>\t\t<\/div>\n\t\t<div class=\"elementor-element elementor-element-8e08bb4 e-con-full e-flex e-con e-child\" data-id=\"8e08bb4\" data-element_type=\"container\" data-e-type=\"container\" data-settings=\"{&quot;jet_parallax_layout_list&quot;:[]}\">\n\t\t\t\t<div class=\"elementor-element elementor-element-dbe22cc elementor-widget elementor-widget-heading\" data-id=\"dbe22cc\" data-element_type=\"widget\" data-e-type=\"widget\" data-widget_type=\"heading.default\">\n\t\t\t\t<div class=\"elementor-widget-container\">\n\t\t\t\t\t<h2 class=\"elementor-heading-title elementor-size-default\">UV-tryck direkt p\u00e5 produktens yta<\/h2>\t\t\t\t<\/div>\n\t\t\t\t<\/div>\n\t\t\t\t<div class=\"elementor-element elementor-element-120ebba elementor-widget elementor-widget-text-editor\" data-id=\"120ebba\" data-element_type=\"widget\" data-e-type=\"widget\" data-widget_type=\"text-editor.default\">\n\t\t\t\t<div class=\"elementor-widget-container\">\n\t\t\t\t\t\t\t\t\t<p>UV-tryck kan appliceras <strong>p\u00e5 n\u00e4stan vilken produkt som helst.<\/strong> Materialet kan vara styvt eller tunt och flexibelt. Processen inneb\u00e4r att man applicerar ett UV-bl\u00e4ck p\u00e5 produkten, som <strong>h\u00e4rdar omedelbart n\u00e4r UV-ljuset f\u00f6ljer med.<\/strong>  <\/p><p>UV-tryck ger mycket h\u00e5llbara utskrifter p\u00e5 ett \u00f6gonblick. Inga separata behandlingar kr\u00e4vs, f\u00e4rgen h\u00e4rdar direkt och produkten \u00e4r klar att anv\u00e4nda. <\/p>\t\t\t\t\t\t\t\t<\/div>\n\t\t\t\t<\/div>\n\t\t\t\t<div class=\"elementor-element elementor-element-018dca5 elementor-invisible elementor-widget elementor-widget-button\" data-id=\"018dca5\" data-element_type=\"widget\" data-e-type=\"widget\" data-settings=\"{&quot;_animation&quot;:&quot;fadeInUp&quot;}\" data-widget_type=\"button.default\">\n\t\t\t\t<div class=\"elementor-widget-container\">\n\t\t\t\t\t\t\t\t\t<div class=\"elementor-button-wrapper\">\n\t\t\t\t\t<a class=\"elementor-button elementor-button-link elementor-size-sm elementor-animation-float\" href=\"https:\/\/staging.brandivaate.fi\/sv\/tjanster\/egna-varumarken-och-merchandise\/\">\n\t\t\t\t\t\t<span class=\"elementor-button-content-wrapper\">\n\t\t\t\t\t\t\t\t\t<span class=\"elementor-button-text\">Merch<\/span>\n\t\t\t\t\t<\/span>\n\t\t\t\t\t<\/a>\n\t\t\t\t<\/div>\n\t\t\t\t\t\t\t\t<\/div>\n\t\t\t\t<\/div>\n\t\t\t\t<\/div>\n\t\t<div class=\"elementor-element elementor-element-f17d51e e-con-full e-flex e-con e-child\" data-id=\"f17d51e\" data-element_type=\"container\" data-e-type=\"container\" data-settings=\"{&quot;jet_parallax_layout_list&quot;:[],&quot;background_background&quot;:&quot;classic&quot;}\">\n\t\t\t\t<\/div>\n\t\t\t\t<\/div>\n\t\t<div class=\"elementor-element elementor-element-23fbc97 osiopaddingbottom e-con-full e-flex e-con e-parent\" data-id=\"23fbc97\" data-element_type=\"container\" data-e-type=\"container\" data-settings=\"{&quot;jet_parallax_layout_list&quot;:[],&quot;background_background&quot;:&quot;classic&quot;}\">\n\t\t<div class=\"elementor-element elementor-element-c1a1387 e-con-full e-flex e-con e-child\" data-id=\"c1a1387\" data-element_type=\"container\" data-e-type=\"container\" data-settings=\"{&quot;jet_parallax_layout_list&quot;:[]}\">\n\t\t<div class=\"elementor-element elementor-element-77a9e72 e-con-full e-flex e-con e-child\" data-id=\"77a9e72\" data-element_type=\"container\" data-e-type=\"container\" data-settings=\"{&quot;jet_parallax_layout_list&quot;:[]}\">\n\t\t\t\t<div class=\"elementor-element elementor-element-77e7538 elementor-widget elementor-widget-heading\" data-id=\"77e7538\" data-element_type=\"widget\" data-e-type=\"widget\" data-widget_type=\"heading.default\">\n\t\t\t\t<div class=\"elementor-widget-container\">\n\t\t\t\t\t<h2 class=\"elementor-heading-title elementor-size-default\">Lasergravyr - skr\u00e4ddarsy alla produkter<\/h2>\t\t\t\t<\/div>\n\t\t\t\t<\/div>\n\t\t\t\t<\/div>\n\t\t\t\t<div class=\"elementor-element elementor-element-1380d24 elementor-widget elementor-widget-text-editor\" data-id=\"1380d24\" data-element_type=\"widget\" data-e-type=\"widget\" data-widget_type=\"text-editor.default\">\n\t\t\t\t<div class=\"elementor-widget-container\">\n\t\t\t\t\t\t\t\t\t<p>Lasergravering \u00e4r det b\u00e4sta alternativet n\u00e4r du beh\u00f6ver en mycket exakt finish och ett resultat av s\u00e4rskilt h\u00f6g kvalitet. Lasergraveringen av produkten m\u00f6jligg\u00f6r en evig <strong>m\u00e4rkning<\/strong> och \u00e4r l\u00e4mplig f\u00f6r de flesta ytor som <em>tr\u00e4, glas, plast, l\u00e4der eller rostfritt st\u00e5l.<\/em> \u00c4ven b\u00f6jda ytor kan graveras, vilket g\u00f6r lasergravering till en m\u00e5ngsidig m\u00e4rkningsmetod.  <\/p><p>Lasergravyr kan t.ex. anv\u00e4ndas f\u00f6r att <strong>m\u00e4rka en l\u00e4dertagg<\/strong> som sedan f\u00e4sts p\u00e5 en textil eller annan produkt. F\u00f6r kl\u00e4der och textilier anv\u00e4nder vi ocks\u00e5 ett brett utbud av broderitekniker. <\/p>\t\t\t\t\t\t\t\t<\/div>\n\t\t\t\t<\/div>\n\t\t\t\t<div class=\"elementor-element elementor-element-05b1bc5 elementor-invisible elementor-widget elementor-widget-button\" data-id=\"05b1bc5\" data-element_type=\"widget\" data-e-type=\"widget\" data-settings=\"{&quot;_animation&quot;:&quot;fadeInUp&quot;}\" data-widget_type=\"button.default\">\n\t\t\t\t<div class=\"elementor-widget-container\">\n\t\t\t\t\t\t\t\t\t<div class=\"elementor-button-wrapper\">\n\t\t\t\t\t<a class=\"elementor-button elementor-button-link elementor-size-sm elementor-animation-float\" href=\"https:\/\/staging.brandivaate.fi\/sv\/tjanster\/brodeeraus\/\">\n\t\t\t\t\t\t<span class=\"elementor-button-content-wrapper\">\n\t\t\t\t\t\t\t\t\t<span class=\"elementor-button-text\">Brodeeraus<\/span>\n\t\t\t\t\t<\/span>\n\t\t\t\t\t<\/a>\n\t\t\t\t<\/div>\n\t\t\t\t\t\t\t\t<\/div>\n\t\t\t\t<\/div>\n\t\t\t\t<\/div>\n\t\t<div class=\"elementor-element elementor-element-9038eb9 e-con-full e-flex e-con e-child\" data-id=\"9038eb9\" data-element_type=\"container\" data-e-type=\"container\" data-settings=\"{&quot;jet_parallax_layout_list&quot;:[],&quot;background_background&quot;:&quot;classic&quot;}\">\n\t\t\t\t<\/div>\n\t\t\t\t<\/div>\n\t\t<div class=\"elementor-element elementor-element-7d76c65 osiopaddingbottom e-con-full e-flex e-con e-parent\" data-id=\"7d76c65\" data-element_type=\"container\" data-e-type=\"container\" data-settings=\"{&quot;jet_parallax_layout_list&quot;:[],&quot;background_background&quot;:&quot;classic&quot;}\">\n\t\t<div class=\"elementor-element elementor-element-7f7090b e-con-full e-flex e-con e-child\" data-id=\"7f7090b\" data-element_type=\"container\" data-e-type=\"container\" data-settings=\"{&quot;jet_parallax_layout_list&quot;:[]}\">\n\t\t\t\t<div class=\"elementor-element elementor-element-7b9bc8f elementor-widget elementor-widget-heading\" data-id=\"7b9bc8f\" data-element_type=\"widget\" data-e-type=\"widget\" data-widget_type=\"heading.default\">\n\t\t\t\t<div class=\"elementor-widget-container\">\n\t\t\t\t\t<h2 class=\"elementor-heading-title elementor-size-default\">Trycksaker och andra trycksaker\n<\/h2>\t\t\t\t<\/div>\n\t\t\t\t<\/div>\n\t\t\t\t<div class=\"elementor-element elementor-element-9599d52 elementor-widget elementor-widget-text-editor\" data-id=\"9599d52\" data-element_type=\"widget\" data-e-type=\"widget\" data-widget_type=\"text-editor.default\">\n\t\t\t\t<div class=\"elementor-widget-container\">\n\t\t\t\t\t\t\t\t\t<p>Om du beh\u00f6ver visitkort, broschyrer, klisterm\u00e4rken eller andra f\u00f6rpacknings- och pappersprodukter kan du kontakta v\u00e5r partner <strong>Prigi.<\/strong> F\u00e4rdiga trycksaker kan enkelt h\u00e4mtas fr\u00e5n deras kontor i \u00c5bo och Raisio. <\/p><p>Prigi hj\u00e4lper ocks\u00e5 till med design och installation av skyltar, tejp och Roll-Ups.<\/p>\t\t\t\t\t\t\t\t<\/div>\n\t\t\t\t<\/div>\n\t\t\t\t<div class=\"elementor-element elementor-element-7431bd3 elementor-invisible elementor-widget elementor-widget-button\" data-id=\"7431bd3\" data-element_type=\"widget\" data-e-type=\"widget\" data-settings=\"{&quot;_animation&quot;:&quot;fadeInUp&quot;}\" data-widget_type=\"button.default\">\n\t\t\t\t<div class=\"elementor-widget-container\">\n\t\t\t\t\t\t\t\t\t<div class=\"elementor-button-wrapper\">\n\t\t\t\t\t<a class=\"elementor-button elementor-button-link elementor-size-sm elementor-animation-float\" href=\"https:\/\/www.prigi.fi\/\" target=\"_blank\">\n\t\t\t\t\t\t<span class=\"elementor-button-content-wrapper\">\n\t\t\t\t\t\t\t\t\t<span class=\"elementor-button-text\">Best\u00e4ll tryckta produkter<\/span>\n\t\t\t\t\t<\/span>\n\t\t\t\t\t<\/a>\n\t\t\t\t<\/div>\n\t\t\t\t\t\t\t\t<\/div>\n\t\t\t\t<\/div>\n\t\t\t\t<\/div>\n\t\t<div class=\"elementor-element elementor-element-cc8b005 e-con-full e-flex e-con e-child\" data-id=\"cc8b005\" data-element_type=\"container\" data-e-type=\"container\" data-settings=\"{&quot;jet_parallax_layout_list&quot;:[],&quot;background_background&quot;:&quot;classic&quot;}\">\n\t\t\t\t<\/div>\n\t\t\t\t<\/div>\n\t\t\t\t<\/div>\n\t\t","protected":false},"excerpt":{"rendered":"<p>360\u00b0 digitaltryck som passar f\u00f6r flaskor och cylindrar Digitalt tryck runt hela produkten \u00e4r m\u00f6jligt direkt p\u00e5 produktens yta. 360-graders t\u00e4ckning \u00e4r l\u00e4mplig f\u00f6r tryck p\u00e5 plast- eller glasflaskor, termosar och andra cylindriska produkter. 360-tryck erbjuder ett brett utbud av anpassningsm\u00f6jligheter, eftersom du kan designa ditt eget tryck f\u00f6r produkten. UV-tryck direkt p\u00e5 produktens yta [&hellip;]<\/p>\n","protected":false},"author":1,"featured_media":272184,"parent":154862,"menu_order":0,"comment_status":"closed","ping_status":"closed","template":"","meta":{"footnotes":""},"class_list":["post-273075","page","type-page","status-publish","has-post-thumbnail","hentry"],"yoast_head":"<!-- This site is optimized with the Yoast SEO plugin v27.2 - https:\/\/yoast.com\/product\/yoast-seo-wordpress\/ -->\n<title>Laserm\u00e4rkning | 360 digitaltryck | Logom\u00e4rkning | Br\u00e4ndivaate%<\/title>\n<meta name=\"description\" content=\"DTF- och DTG-tryck samt andra digitala tryckmetoder. Vi utf\u00f6r \u00e4ven tryckning med sublaminering och transfertryck.\" \/>\n<meta name=\"robots\" content=\"noindex, follow, max-snippet:-1, max-image-preview:large, max-video-preview:-1\" \/>\n<meta property=\"og:locale\" content=\"sv_SE\" \/>\n<meta property=\"og:type\" content=\"article\" \/>\n<meta property=\"og:title\" content=\"Laserm\u00e4rkning | 360 digitaltryck | Logom\u00e4rkning | Br\u00e4ndivaate%\" \/>\n<meta property=\"og:description\" content=\"DTF- och DTG-tryck samt andra digitala tryckmetoder. Vi utf\u00f6r \u00e4ven tryckning med sublaminering och transfertryck.\" \/>\n<meta property=\"og:url\" content=\"https:\/\/staging.brandivaate.fi\/sv\/tjanster\/markning-av-produkter\/\" \/>\n<meta property=\"og:site_name\" content=\"Br\u00e4ndivaate\" \/>\n<meta property=\"article:publisher\" content=\"https:\/\/www.facebook.com\/brandivaate.fi\/\" \/>\n<meta property=\"article:modified_time\" content=\"2025-10-03T07:28:36+00:00\" \/>\n<meta property=\"og:image\" content=\"https:\/\/staging.brandivaate.fi\/wp-content\/uploads\/2025\/09\/laserkaiverrus-uv-tulostus-silkkipaino.jpg\" \/>\n\t<meta property=\"og:image:width\" content=\"1920\" \/>\n\t<meta property=\"og:image:height\" content=\"1080\" \/>\n\t<meta property=\"og:image:type\" content=\"image\/jpeg\" \/>\n<meta name=\"twitter:card\" content=\"summary_large_image\" \/>\n<meta name=\"twitter:label1\" content=\"Ber\u00e4knad l\u00e4stid\" \/>\n\t<meta name=\"twitter:data1\" content=\"2 minuter\" \/>\n<script type=\"application\/ld+json\" class=\"yoast-schema-graph\">{\"@context\":\"https:\/\/schema.org\",\"@graph\":[{\"@type\":\"WebPage\",\"@id\":\"https:\/\/staging.brandivaate.fi\/sv\/tjanster\/markning-av-produkter\/\",\"url\":\"https:\/\/staging.brandivaate.fi\/sv\/tjanster\/markning-av-produkter\/\",\"name\":\"Laserm\u00e4rkning | 360 digitaltryck | Logom\u00e4rkning | Br\u00e4ndivaate%\",\"isPartOf\":{\"@id\":\"https:\/\/staging.brandivaate.fi\/#website\"},\"primaryImageOfPage\":{\"@id\":\"https:\/\/staging.brandivaate.fi\/sv\/tjanster\/markning-av-produkter\/#primaryimage\"},\"image\":{\"@id\":\"https:\/\/staging.brandivaate.fi\/sv\/tjanster\/markning-av-produkter\/#primaryimage\"},\"thumbnailUrl\":\"https:\/\/staging.brandivaate.fi\/wp-content\/uploads\/2025\/09\/laserkaiverrus-uv-tulostus-silkkipaino.jpg\",\"datePublished\":\"2025-09-05T12:18:39+00:00\",\"dateModified\":\"2025-10-03T07:28:36+00:00\",\"description\":\"DTF- och DTG-tryck samt andra digitala tryckmetoder. Vi utf\u00f6r \u00e4ven tryckning med sublaminering och transfertryck.\",\"breadcrumb\":{\"@id\":\"https:\/\/staging.brandivaate.fi\/sv\/tjanster\/markning-av-produkter\/#breadcrumb\"},\"inLanguage\":\"sv-SE\",\"potentialAction\":[{\"@type\":\"ReadAction\",\"target\":[\"https:\/\/staging.brandivaate.fi\/sv\/tjanster\/markning-av-produkter\/\"]}]},{\"@type\":\"ImageObject\",\"inLanguage\":\"sv-SE\",\"@id\":\"https:\/\/staging.brandivaate.fi\/sv\/tjanster\/markning-av-produkter\/#primaryimage\",\"url\":\"https:\/\/staging.brandivaate.fi\/wp-content\/uploads\/2025\/09\/laserkaiverrus-uv-tulostus-silkkipaino.jpg\",\"contentUrl\":\"https:\/\/staging.brandivaate.fi\/wp-content\/uploads\/2025\/09\/laserkaiverrus-uv-tulostus-silkkipaino.jpg\",\"width\":1920,\"height\":1080},{\"@type\":\"BreadcrumbList\",\"@id\":\"https:\/\/staging.brandivaate.fi\/sv\/tjanster\/markning-av-produkter\/#breadcrumb\",\"itemListElement\":[{\"@type\":\"ListItem\",\"position\":1,\"name\":\"Etusivu\",\"item\":\"https:\/\/staging.brandivaate.fi\/sv\/startsida\/\"},{\"@type\":\"ListItem\",\"position\":2,\"name\":\"Tj\u00e4nster\",\"item\":\"https:\/\/staging.brandivaate.fi\/sv\/tjanster\/\"},{\"@type\":\"ListItem\",\"position\":3,\"name\":\"M\u00e4rkning av produkter\"}]},{\"@type\":\"WebSite\",\"@id\":\"https:\/\/staging.brandivaate.fi\/#website\",\"url\":\"https:\/\/staging.brandivaate.fi\/\",\"name\":\"Br\u00e4ndivaate\",\"description\":\"Tehd\u00e4\u00e4n yhdess\u00e4 br\u00e4ndist\u00e4si vahvempi\",\"publisher\":{\"@id\":\"https:\/\/staging.brandivaate.fi\/#organization\"},\"potentialAction\":[{\"@type\":\"SearchAction\",\"target\":{\"@type\":\"EntryPoint\",\"urlTemplate\":\"https:\/\/staging.brandivaate.fi\/?s={search_term_string}\"},\"query-input\":{\"@type\":\"PropertyValueSpecification\",\"valueRequired\":true,\"valueName\":\"search_term_string\"}}],\"inLanguage\":\"sv-SE\"},{\"@type\":\"Organization\",\"@id\":\"https:\/\/staging.brandivaate.fi\/#organization\",\"name\":\"Br\u00e4ndivaate\",\"url\":\"https:\/\/staging.brandivaate.fi\/\",\"logo\":{\"@type\":\"ImageObject\",\"inLanguage\":\"sv-SE\",\"@id\":\"https:\/\/staging.brandivaate.fi\/#\/schema\/logo\/image\/\",\"url\":\"https:\/\/staging.brandivaate.fi\/wp-content\/uploads\/2024\/12\/logo_brandivaate_pos.png\",\"contentUrl\":\"https:\/\/staging.brandivaate.fi\/wp-content\/uploads\/2024\/12\/logo_brandivaate_pos.png\",\"width\":2142,\"height\":368,\"caption\":\"Br\u00e4ndivaate\"},\"image\":{\"@id\":\"https:\/\/staging.brandivaate.fi\/#\/schema\/logo\/image\/\"},\"sameAs\":[\"https:\/\/www.facebook.com\/brandivaate.fi\/\",\"https:\/\/www.instagram.com\/brandivaate\/\",\"https:\/\/www.linkedin.com\/company\/42705921\"]}]}<\/script>\n<!-- \/ Yoast SEO plugin. -->","yoast_head_json":{"title":"Laserm\u00e4rkning | 360 digitaltryck | Logom\u00e4rkning | Br\u00e4ndivaate%","description":"DTF- och DTG-tryck samt andra digitala tryckmetoder. Vi utf\u00f6r \u00e4ven tryckning med sublaminering och transfertryck.","robots":{"index":"noindex","follow":"follow","max-snippet":"max-snippet:-1","max-image-preview":"max-image-preview:large","max-video-preview":"max-video-preview:-1"},"og_locale":"sv_SE","og_type":"article","og_title":"Laserm\u00e4rkning | 360 digitaltryck | Logom\u00e4rkning | Br\u00e4ndivaate%","og_description":"DTF- och DTG-tryck samt andra digitala tryckmetoder. Vi utf\u00f6r \u00e4ven tryckning med sublaminering och transfertryck.","og_url":"https:\/\/staging.brandivaate.fi\/sv\/tjanster\/markning-av-produkter\/","og_site_name":"Br\u00e4ndivaate","article_publisher":"https:\/\/www.facebook.com\/brandivaate.fi\/","article_modified_time":"2025-10-03T07:28:36+00:00","og_image":[{"width":1920,"height":1080,"url":"https:\/\/staging.brandivaate.fi\/wp-content\/uploads\/2025\/09\/laserkaiverrus-uv-tulostus-silkkipaino.jpg","type":"image\/jpeg"}],"twitter_card":"summary_large_image","twitter_misc":{"Ber\u00e4knad l\u00e4stid":"2 minuter"},"schema":{"@context":"https:\/\/schema.org","@graph":[{"@type":"WebPage","@id":"https:\/\/staging.brandivaate.fi\/sv\/tjanster\/markning-av-produkter\/","url":"https:\/\/staging.brandivaate.fi\/sv\/tjanster\/markning-av-produkter\/","name":"Laserm\u00e4rkning | 360 digitaltryck | Logom\u00e4rkning | Br\u00e4ndivaate%","isPartOf":{"@id":"https:\/\/staging.brandivaate.fi\/#website"},"primaryImageOfPage":{"@id":"https:\/\/staging.brandivaate.fi\/sv\/tjanster\/markning-av-produkter\/#primaryimage"},"image":{"@id":"https:\/\/staging.brandivaate.fi\/sv\/tjanster\/markning-av-produkter\/#primaryimage"},"thumbnailUrl":"https:\/\/staging.brandivaate.fi\/wp-content\/uploads\/2025\/09\/laserkaiverrus-uv-tulostus-silkkipaino.jpg","datePublished":"2025-09-05T12:18:39+00:00","dateModified":"2025-10-03T07:28:36+00:00","description":"DTF- och DTG-tryck samt andra digitala tryckmetoder. Vi utf\u00f6r \u00e4ven tryckning med sublaminering och transfertryck.","breadcrumb":{"@id":"https:\/\/staging.brandivaate.fi\/sv\/tjanster\/markning-av-produkter\/#breadcrumb"},"inLanguage":"sv-SE","potentialAction":[{"@type":"ReadAction","target":["https:\/\/staging.brandivaate.fi\/sv\/tjanster\/markning-av-produkter\/"]}]},{"@type":"ImageObject","inLanguage":"sv-SE","@id":"https:\/\/staging.brandivaate.fi\/sv\/tjanster\/markning-av-produkter\/#primaryimage","url":"https:\/\/staging.brandivaate.fi\/wp-content\/uploads\/2025\/09\/laserkaiverrus-uv-tulostus-silkkipaino.jpg","contentUrl":"https:\/\/staging.brandivaate.fi\/wp-content\/uploads\/2025\/09\/laserkaiverrus-uv-tulostus-silkkipaino.jpg","width":1920,"height":1080},{"@type":"BreadcrumbList","@id":"https:\/\/staging.brandivaate.fi\/sv\/tjanster\/markning-av-produkter\/#breadcrumb","itemListElement":[{"@type":"ListItem","position":1,"name":"Etusivu","item":"https:\/\/staging.brandivaate.fi\/sv\/startsida\/"},{"@type":"ListItem","position":2,"name":"Tj\u00e4nster","item":"https:\/\/staging.brandivaate.fi\/sv\/tjanster\/"},{"@type":"ListItem","position":3,"name":"M\u00e4rkning av produkter"}]},{"@type":"WebSite","@id":"https:\/\/staging.brandivaate.fi\/#website","url":"https:\/\/staging.brandivaate.fi\/","name":"Br\u00e4ndivaate","description":"Tehd\u00e4\u00e4n yhdess\u00e4 br\u00e4ndist\u00e4si vahvempi","publisher":{"@id":"https:\/\/staging.brandivaate.fi\/#organization"},"potentialAction":[{"@type":"SearchAction","target":{"@type":"EntryPoint","urlTemplate":"https:\/\/staging.brandivaate.fi\/?s={search_term_string}"},"query-input":{"@type":"PropertyValueSpecification","valueRequired":true,"valueName":"search_term_string"}}],"inLanguage":"sv-SE"},{"@type":"Organization","@id":"https:\/\/staging.brandivaate.fi\/#organization","name":"Br\u00e4ndivaate","url":"https:\/\/staging.brandivaate.fi\/","logo":{"@type":"ImageObject","inLanguage":"sv-SE","@id":"https:\/\/staging.brandivaate.fi\/#\/schema\/logo\/image\/","url":"https:\/\/staging.brandivaate.fi\/wp-content\/uploads\/2024\/12\/logo_brandivaate_pos.png","contentUrl":"https:\/\/staging.brandivaate.fi\/wp-content\/uploads\/2024\/12\/logo_brandivaate_pos.png","width":2142,"height":368,"caption":"Br\u00e4ndivaate"},"image":{"@id":"https:\/\/staging.brandivaate.fi\/#\/schema\/logo\/image\/"},"sameAs":["https:\/\/www.facebook.com\/brandivaate.fi\/","https:\/\/www.instagram.com\/brandivaate\/","https:\/\/www.linkedin.com\/company\/42705921"]}]}},"_links":{"self":[{"href":"https:\/\/staging.brandivaate.fi\/sv\/wp-json\/wp\/v2\/pages\/273075","targetHints":{"allow":["GET"]}}],"collection":[{"href":"https:\/\/staging.brandivaate.fi\/sv\/wp-json\/wp\/v2\/pages"}],"about":[{"href":"https:\/\/staging.brandivaate.fi\/sv\/wp-json\/wp\/v2\/types\/page"}],"author":[{"embeddable":true,"href":"https:\/\/staging.brandivaate.fi\/sv\/wp-json\/wp\/v2\/users\/1"}],"replies":[{"embeddable":true,"href":"https:\/\/staging.brandivaate.fi\/sv\/wp-json\/wp\/v2\/comments?post=273075"}],"version-history":[{"count":2,"href":"https:\/\/staging.brandivaate.fi\/sv\/wp-json\/wp\/v2\/pages\/273075\/revisions"}],"predecessor-version":[{"id":273181,"href":"https:\/\/staging.brandivaate.fi\/sv\/wp-json\/wp\/v2\/pages\/273075\/revisions\/273181"}],"up":[{"embeddable":true,"href":"https:\/\/staging.brandivaate.fi\/sv\/wp-json\/wp\/v2\/pages\/154862"}],"wp:featuredmedia":[{"embeddable":true,"href":"https:\/\/staging.brandivaate.fi\/sv\/wp-json\/wp\/v2\/media\/272184"}],"wp:attachment":[{"href":"https:\/\/staging.brandivaate.fi\/sv\/wp-json\/wp\/v2\/media?parent=273075"}],"curies":[{"name":"wp","href":"https:\/\/api.w.org\/{rel}","templated":true}]}}