
{"id":273077,"date":"2025-09-05T15:19:38","date_gmt":"2025-09-05T12:19:38","guid":{"rendered":"https:\/\/www.brandivaate.fi\/tjanster\/brodeeraus\/"},"modified":"2025-09-22T15:46:43","modified_gmt":"2025-09-22T12:46:43","slug":"brodeeraus","status":"publish","type":"page","link":"https:\/\/staging.brandivaate.fi\/sv\/tjanster\/brodeeraus\/","title":{"rendered":"Brodeeraus"},"content":{"rendered":"\t\t<div data-elementor-type=\"wp-page\" data-elementor-id=\"273077\" class=\"elementor elementor-273077 elementor-272050\" data-elementor-post-type=\"page\">\n\t\t\t\t<div class=\"elementor-element elementor-element-4b641c9 e-con-full e-flex e-con e-parent\" data-id=\"4b641c9\" data-element_type=\"container\" data-e-type=\"container\" data-settings=\"{&quot;jet_parallax_layout_list&quot;:[]}\">\n\t\t\t\t<div class=\"elementor-element elementor-element-9b31ff0 elementor-widget elementor-widget-template\" data-id=\"9b31ff0\" data-element_type=\"widget\" data-e-type=\"widget\" data-widget_type=\"template.default\">\n\t\t\t\t<div class=\"elementor-widget-container\">\n\t\t\t\t\t\t\t<div class=\"elementor-template\">\n\t\t\t\t\t<div data-elementor-type=\"container\" data-elementor-id=\"154880\" class=\"elementor elementor-154880 elementor-505\" data-elementor-post-type=\"elementor_library\">\n\t\t\t\t<div class=\"elementor-element elementor-element-a248d32 e-flex e-con-boxed e-con e-parent\" data-id=\"a248d32\" data-element_type=\"container\" data-e-type=\"container\" data-settings=\"{&quot;jet_parallax_layout_list&quot;:[],&quot;background_background&quot;:&quot;classic&quot;}\">\n\t\t\t\t\t<div class=\"e-con-inner\">\n\t\t<div class=\"elementor-element elementor-element-f4dd73a e-con-full e-flex e-con e-child\" data-id=\"f4dd73a\" data-element_type=\"container\" data-e-type=\"container\" data-settings=\"{&quot;jet_parallax_layout_list&quot;:[]}\">\n\t\t\t\t<\/div>\n\t\t<div class=\"elementor-element elementor-element-0ee8f06 e-con-full e-flex e-con e-child\" data-id=\"0ee8f06\" data-element_type=\"container\" data-e-type=\"container\" data-settings=\"{&quot;jet_parallax_layout_list&quot;:[]}\">\n\t\t\t\t<div class=\"elementor-element elementor-element-3b010c7 jet-breadcrumbs-align-center jedv-enabled--yes elementor-widget elementor-widget-jet-breadcrumbs\" data-id=\"3b010c7\" data-element_type=\"widget\" data-e-type=\"widget\" data-widget_type=\"jet-breadcrumbs.default\">\n\t\t\t\t<div class=\"elementor-widget-container\">\n\t\t\t\t\t<div class=\"elementor-jet-breadcrumbs jet-blocks\">\n\t\t<div class=\"jet-breadcrumbs\">\n\t\t<div class=\"jet-breadcrumbs__content\">\n\t\t<div class=\"jet-breadcrumbs__wrap\"><div class=\"jet-breadcrumbs__item\"><a href=\"https:\/\/staging.brandivaate.fi\/sv\/\" class=\"jet-breadcrumbs__item-link is-home\" rel=\"home\" title=\"Startsida\">Startsida<\/a><\/div>\n\t\t<\/div>\n\t\t<\/div>\n\t\t<\/div><\/div>\t\t\t\t<\/div>\n\t\t\t\t<\/div>\n\t\t\t\t<\/div>\n\t\t\t\t\t<\/div>\n\t\t\t\t<\/div>\n\t\t\t\t<\/div>\n\t\t\t\t<\/div>\n\t\t\t\t\t\t<\/div>\n\t\t\t\t<\/div>\n\t\t\t\t<\/div>\n\t\t<div class=\"elementor-element elementor-element-0e24c41 osiomargin e-con-full e-flex e-con e-parent\" data-id=\"0e24c41\" data-element_type=\"container\" data-e-type=\"container\" data-settings=\"{&quot;jet_parallax_layout_list&quot;:[]}\">\n\t\t<div class=\"elementor-element elementor-element-bf2b4bd e-con-full e-flex e-con e-child\" data-id=\"bf2b4bd\" data-element_type=\"container\" data-e-type=\"container\" data-settings=\"{&quot;jet_parallax_layout_list&quot;:[]}\">\n\t\t\t\t<div class=\"elementor-element elementor-element-0dd52b7 elementor-widget elementor-widget-heading\" data-id=\"0dd52b7\" data-element_type=\"widget\" data-e-type=\"widget\" data-widget_type=\"heading.default\">\n\t\t\t\t<div class=\"elementor-widget-container\">\n\t\t\t\t\t<h2 class=\"elementor-heading-title elementor-size-default\">Vad \u00e4r broderi och vilken typ av produkter \u00e4r det l\u00e4mpligt f\u00f6r?  <\/h2>\t\t\t\t<\/div>\n\t\t\t\t<\/div>\n\t\t\t\t<div class=\"elementor-element elementor-element-4a8c7c0 elementor-widget elementor-widget-text-editor\" data-id=\"4a8c7c0\" data-element_type=\"widget\" data-e-type=\"widget\" data-widget_type=\"text-editor.default\">\n\t\t\t\t<div class=\"elementor-widget-container\">\n\t\t\t\t\t\t\t\t\t<p><strong>Maskinbroderi<\/strong> inneb\u00e4r maskins\u00f6mnad av en bild eller text som kan appliceras p\u00e5 de flesta textilier och kl\u00e4der. Broderi \u00e4r en mycket slitstark markeringsteknik, vilket \u00e4r anledningen till att enkla m\u00f6nsterbroderier \u00e4r popul\u00e4ra f\u00f6r arbetskl\u00e4der p\u00e5 f\u00f6retag. <\/p><p>Broderiet b\u00f6r g\u00f6ras p\u00e5 ett plant, medeltungt underlag, t.ex. <strong>bomullstyg eller canvas,<\/strong> s\u00e5 att produkten t\u00e5l att stickas och stygnen blir snygga. Fleece, softshell eller andra blandade tyger \u00e4r ocks\u00e5 vanligtvis l\u00e4mpliga f\u00f6r brodering. En <strong>m\u00f6ssa<\/strong> eller <strong>keps med din logotyp p\u00e5<\/strong> fungerar s\u00e4rskilt bra att brodera.  <\/p>\t\t\t\t\t\t\t\t<\/div>\n\t\t\t\t<\/div>\n\t\t\t\t<\/div>\n\t\t<div class=\"elementor-element elementor-element-8d0352a e-con-full e-flex e-con e-child\" data-id=\"8d0352a\" data-element_type=\"container\" data-e-type=\"container\" data-settings=\"{&quot;jet_parallax_layout_list&quot;:[],&quot;background_background&quot;:&quot;classic&quot;}\">\n\t\t\t\t<\/div>\n\t\t\t\t<\/div>\n\t\t<div class=\"elementor-element elementor-element-28086d4 osiomargin e-con-full e-flex e-con e-parent\" data-id=\"28086d4\" data-element_type=\"container\" data-e-type=\"container\" data-settings=\"{&quot;jet_parallax_layout_list&quot;:[]}\">\n\t\t<div class=\"elementor-element elementor-element-3060b78 e-con-full e-flex e-con e-child\" data-id=\"3060b78\" data-element_type=\"container\" data-e-type=\"container\" data-settings=\"{&quot;jet_parallax_layout_list&quot;:[]}\">\n\t\t\t\t<div class=\"elementor-element elementor-element-83be893 elementor-widget elementor-widget-heading\" data-id=\"83be893\" data-element_type=\"widget\" data-e-type=\"widget\" data-widget_type=\"heading.default\">\n\t\t\t\t<div class=\"elementor-widget-container\">\n\t\t\t\t\t<h2 class=\"elementor-heading-title elementor-size-default\">Vill du ha ett spektakul\u00e4rt broderi? Prova 3D-broderi   <\/h2>\t\t\t\t<\/div>\n\t\t\t\t<\/div>\n\t\t\t\t<div class=\"elementor-element elementor-element-ea2c697 elementor-widget elementor-widget-text-editor\" data-id=\"ea2c697\" data-element_type=\"widget\" data-e-type=\"widget\" data-widget_type=\"text-editor.default\">\n\t\t\t\t<div class=\"elementor-widget-container\">\n\t\t\t\t\t\t\t\t\t<p>3D-broderi ger en upph\u00f6jd <strong>effekt<\/strong>, vilket g\u00f6r att ytan p\u00e5 logotypen eller m\u00f6nstret sticker upp ur tyget. 3D-broderi g\u00f6rs oftast p\u00e5 skum f\u00f6r att skapa ett tredimensionellt m\u00f6nster. En popul\u00e4r metod \u00e4r att <strong>anv\u00e4nda svart tr\u00e5d p\u00e5 t.ex. en svart produkt<\/strong> f\u00f6r att skapa en sl\u00e5ende men diskret finish.  <\/p><p>Du kan v\u00e4lja mellan en rad spektakul\u00e4ra garnalternativ i Pantone-nyanser. Ett brett utbud av <strong>effekttr\u00e5dar<\/strong> kan ocks\u00e5 anv\u00e4ndas f\u00f6r broderi f\u00f6r att skapa <em>reflekterande, sj\u00e4lvlysande, guld-, p\u00e4rl- eller neonf\u00e4rgade<\/em> markeringar. <\/p>\t\t\t\t\t\t\t\t<\/div>\n\t\t\t\t<\/div>\n\t\t\t\t<\/div>\n\t\t<div class=\"elementor-element elementor-element-e83fddd e-con-full e-flex e-con e-child\" data-id=\"e83fddd\" data-element_type=\"container\" data-e-type=\"container\" data-settings=\"{&quot;jet_parallax_layout_list&quot;:[],&quot;background_background&quot;:&quot;classic&quot;}\">\n\t\t\t\t<\/div>\n\t\t\t\t<\/div>\n\t\t<div class=\"elementor-element elementor-element-223ea06 osiopadding e-con-full e-flex e-con e-parent\" data-id=\"223ea06\" data-element_type=\"container\" data-e-type=\"container\" data-settings=\"{&quot;jet_parallax_layout_list&quot;:[],&quot;background_background&quot;:&quot;classic&quot;,&quot;shape_divider_top&quot;:&quot;triangle-asymmetrical&quot;}\">\n\t\t\t\t<div class=\"elementor-shape elementor-shape-top\" aria-hidden=\"true\" data-negative=\"false\">\n\t\t\t<svg xmlns=\"http:\/\/www.w3.org\/2000\/svg\" viewBox=\"0 0 1000 100\" preserveAspectRatio=\"none\">\n\t<path class=\"elementor-shape-fill\" d=\"M738,99l262-93V0H0v5.6L738,99z\"\/>\n<\/svg>\t\t<\/div>\n\t\t<div class=\"elementor-element elementor-element-c62a75d e-con-full e-flex e-con e-child\" data-id=\"c62a75d\" data-element_type=\"container\" data-e-type=\"container\" data-settings=\"{&quot;jet_parallax_layout_list&quot;:[]}\">\n\t\t<div class=\"elementor-element elementor-element-a567be8 e-con-full e-flex e-con e-child\" data-id=\"a567be8\" data-element_type=\"container\" data-e-type=\"container\" data-settings=\"{&quot;jet_parallax_layout_list&quot;:[]}\">\n\t\t\t\t<div class=\"elementor-element elementor-element-c402494 elementor-widget elementor-widget-heading\" data-id=\"c402494\" data-element_type=\"widget\" data-e-type=\"widget\" data-widget_type=\"heading.default\">\n\t\t\t\t<div class=\"elementor-widget-container\">\n\t\t\t\t\t<h2 class=\"elementor-heading-title elementor-size-default\">Frist\u00e5ende st\u00e4mpel och applikation  <\/h2>\t\t\t\t<\/div>\n\t\t\t\t<\/div>\n\t\t\t\t<\/div>\n\t\t\t\t<div class=\"elementor-element elementor-element-922eb0a elementor-widget elementor-widget-text-editor\" data-id=\"922eb0a\" data-element_type=\"widget\" data-e-type=\"widget\" data-widget_type=\"text-editor.default\">\n\t\t\t\t<div class=\"elementor-widget-container\">\n\t\t\t\t\t\t\t\t\t<p>Brodering anv\u00e4nds ocks\u00e5 vid tillverkning av <strong>l\u00f6sa st\u00e4mplar och tygst\u00e4mplar<\/strong>. Om tyget eller materialet i produkten inte \u00e4r l\u00e4mpligt f\u00f6r brodering som s\u00e5dant, kan designen g\u00f6ras p\u00e5 tygm\u00e4rket f\u00f6rst. Tygetiketten kan f\u00e4stas p\u00e5 slutprodukten, till exempel <em>genom s\u00f6mnad eller kardborreband<\/em>.  <\/p><p><strong>Applikation<\/strong>, eller toppstickning, inneb\u00e4r att ett m\u00f6nster sys fast p\u00e5 ett bastyg eller en f\u00e4rdig produkt. Kanterna avslutas med broderi. <\/p>\t\t\t\t\t\t\t\t<\/div>\n\t\t\t\t<\/div>\n\t\t\t\t<\/div>\n\t\t<div class=\"elementor-element elementor-element-d85ee8f e-con-full e-flex e-con e-child\" data-id=\"d85ee8f\" data-element_type=\"container\" data-e-type=\"container\" data-settings=\"{&quot;jet_parallax_layout_list&quot;:[],&quot;background_background&quot;:&quot;classic&quot;}\">\n\t\t\t\t<\/div>\n\t\t\t\t<\/div>\n\t\t<div class=\"elementor-element elementor-element-5610a99 osiopaddingbottom e-con-full e-flex e-con e-parent\" data-id=\"5610a99\" data-element_type=\"container\" data-e-type=\"container\" data-settings=\"{&quot;jet_parallax_layout_list&quot;:[],&quot;background_background&quot;:&quot;classic&quot;}\">\n\t\t<div class=\"elementor-element elementor-element-0038b6d e-con-full e-flex e-con e-child\" data-id=\"0038b6d\" data-element_type=\"container\" data-e-type=\"container\" data-settings=\"{&quot;jet_parallax_layout_list&quot;:[]}\">\n\t\t<div class=\"elementor-element elementor-element-f7bb034 e-con-full e-flex e-con e-child\" data-id=\"f7bb034\" data-element_type=\"container\" data-e-type=\"container\" data-settings=\"{&quot;jet_parallax_layout_list&quot;:[]}\">\n\t\t\t\t<div class=\"elementor-element elementor-element-9a5844d elementor-widget elementor-widget-heading\" data-id=\"9a5844d\" data-element_type=\"widget\" data-e-type=\"widget\" data-widget_type=\"heading.default\">\n\t\t\t\t<div class=\"elementor-widget-container\">\n\t\t\t\t\t<h2 class=\"elementor-heading-title elementor-size-default\">Brodeeraus Turku - v\u00e5r partner Image Pro Finland  <\/h2>\t\t\t\t<\/div>\n\t\t\t\t<\/div>\n\t\t\t\t<\/div>\n\t\t\t\t<div class=\"elementor-element elementor-element-e4731a9 elementor-widget elementor-widget-text-editor\" data-id=\"e4731a9\" data-element_type=\"widget\" data-e-type=\"widget\" data-widget_type=\"text-editor.default\">\n\t\t\t\t<div class=\"elementor-widget-container\">\n\t\t\t\t\t\t\t\t\t<p>Vi har samarbetat med <a href=\"https:\/\/www.imageprofinland.fi\/\" target=\"_blank\" rel=\"noopener\">Image Pro Finland<\/a> sedan 2018 och alla v\u00e5ra produkter broderas i \u00c5bo.<\/p><p><strong>Priset f\u00f6r broderi<\/strong> best\u00e4ms av <em>antalet stygn<\/em> som anv\u00e4nds <em>och antalet best\u00e4llda produkter<\/em> &#8211; att brodera ett stort m\u00f6nster kr\u00e4ver fler stygn. F\u00f6r varje ny logotyp tillkommer ocks\u00e5 en startkostnad f\u00f6r broderi, som t\u00e4cker inprogrammeringen av logotypen i broderiprogramvaran. Minsta orderkvantitet f\u00f6r broderier \u00e4r vanligtvis minst tio produkter.  <\/p><p>Du kan ocks\u00e5 ta reda p\u00e5 vilka tryckmetoder som anv\u00e4nds f\u00f6r att trycka produkterna.<\/p>\t\t\t\t\t\t\t\t<\/div>\n\t\t\t\t<\/div>\n\t\t\t\t<div class=\"elementor-element elementor-element-6077acb elementor-invisible elementor-widget elementor-widget-button\" data-id=\"6077acb\" data-element_type=\"widget\" data-e-type=\"widget\" data-settings=\"{&quot;_animation&quot;:&quot;fadeInUp&quot;}\" data-widget_type=\"button.default\">\n\t\t\t\t<div class=\"elementor-widget-container\">\n\t\t\t\t\t\t\t\t\t<div class=\"elementor-button-wrapper\">\n\t\t\t\t\t<a class=\"elementor-button elementor-button-link elementor-size-sm elementor-animation-float\" href=\"https:\/\/staging.brandivaate.fi\/sv\/tjanster\/textiltryck\/\">\n\t\t\t\t\t\t<span class=\"elementor-button-content-wrapper\">\n\t\t\t\t\t\t\t\t\t<span class=\"elementor-button-text\">Tryckt fr\u00e5n<\/span>\n\t\t\t\t\t<\/span>\n\t\t\t\t\t<\/a>\n\t\t\t\t<\/div>\n\t\t\t\t\t\t\t\t<\/div>\n\t\t\t\t<\/div>\n\t\t\t\t<\/div>\n\t\t<div class=\"elementor-element elementor-element-a21d54c e-con-full e-flex e-con e-child\" data-id=\"a21d54c\" data-element_type=\"container\" data-e-type=\"container\" data-settings=\"{&quot;jet_parallax_layout_list&quot;:[],&quot;background_background&quot;:&quot;classic&quot;}\">\n\t\t\t\t<\/div>\n\t\t\t\t<\/div>\n\t\t\t\t<\/div>\n\t\t","protected":false},"excerpt":{"rendered":"<p>Vad \u00e4r broderi och vilken typ av produkter \u00e4r det l\u00e4mpligt f\u00f6r? Maskinbroderi inneb\u00e4r maskins\u00f6mnad av en bild eller text som kan appliceras p\u00e5 de flesta textilier och kl\u00e4der. Broderi \u00e4r en mycket slitstark markeringsteknik, vilket \u00e4r anledningen till att enkla m\u00f6nsterbroderier \u00e4r popul\u00e4ra f\u00f6r arbetskl\u00e4der p\u00e5 f\u00f6retag. Broderiet b\u00f6r g\u00f6ras p\u00e5 ett plant, medeltungt [&hellip;]<\/p>\n","protected":false},"author":1,"featured_media":272095,"parent":154862,"menu_order":0,"comment_status":"closed","ping_status":"closed","template":"","meta":{"footnotes":""},"class_list":["post-273077","page","type-page","status-publish","has-post-thumbnail","hentry"],"yoast_head":"<!-- This site is optimized with the Yoast SEO plugin v27.2 - https:\/\/yoast.com\/product\/yoast-seo-wordpress\/ -->\n<title>Broderi | 3D-broderi | \u00d6verf\u00f6ringsm\u00e4rke | Br\u00e4ndivaate%<\/title>\n<meta name=\"description\" content=\"DTF- och DTG-tryck samt andra digitala tryckmetoder. Vi utf\u00f6r \u00e4ven tryckning med sublaminering och transfertryck.\" \/>\n<meta name=\"robots\" content=\"noindex, follow, max-snippet:-1, max-image-preview:large, max-video-preview:-1\" \/>\n<meta property=\"og:locale\" content=\"sv_SE\" \/>\n<meta property=\"og:type\" content=\"article\" \/>\n<meta property=\"og:title\" content=\"Broderi | 3D-broderi | \u00d6verf\u00f6ringsm\u00e4rke | Br\u00e4ndivaate%\" \/>\n<meta property=\"og:description\" content=\"DTF- och DTG-tryck samt andra digitala tryckmetoder. Vi utf\u00f6r \u00e4ven tryckning med sublaminering och transfertryck.\" \/>\n<meta property=\"og:url\" content=\"https:\/\/staging.brandivaate.fi\/sv\/tjanster\/brodeeraus\/\" \/>\n<meta property=\"og:site_name\" content=\"Br\u00e4ndivaate\" \/>\n<meta property=\"article:publisher\" content=\"https:\/\/www.facebook.com\/brandivaate.fi\/\" \/>\n<meta property=\"article:modified_time\" content=\"2025-09-22T12:46:43+00:00\" \/>\n<meta property=\"og:image\" content=\"https:\/\/staging.brandivaate.fi\/wp-content\/uploads\/2025\/09\/Essu-brodeerauksella.jpg\" \/>\n\t<meta property=\"og:image:width\" content=\"1920\" \/>\n\t<meta property=\"og:image:height\" content=\"1080\" \/>\n\t<meta property=\"og:image:type\" content=\"image\/jpeg\" \/>\n<meta name=\"twitter:card\" content=\"summary_large_image\" \/>\n<meta name=\"twitter:label1\" content=\"Ber\u00e4knad l\u00e4stid\" \/>\n\t<meta name=\"twitter:data1\" content=\"2 minuter\" \/>\n<script type=\"application\/ld+json\" class=\"yoast-schema-graph\">{\"@context\":\"https:\/\/schema.org\",\"@graph\":[{\"@type\":\"WebPage\",\"@id\":\"https:\/\/staging.brandivaate.fi\/sv\/tjanster\/brodeeraus\/\",\"url\":\"https:\/\/staging.brandivaate.fi\/sv\/tjanster\/brodeeraus\/\",\"name\":\"Broderi | 3D-broderi | \u00d6verf\u00f6ringsm\u00e4rke | Br\u00e4ndivaate%\",\"isPartOf\":{\"@id\":\"https:\/\/staging.brandivaate.fi\/#website\"},\"primaryImageOfPage\":{\"@id\":\"https:\/\/staging.brandivaate.fi\/sv\/tjanster\/brodeeraus\/#primaryimage\"},\"image\":{\"@id\":\"https:\/\/staging.brandivaate.fi\/sv\/tjanster\/brodeeraus\/#primaryimage\"},\"thumbnailUrl\":\"https:\/\/staging.brandivaate.fi\/wp-content\/uploads\/2025\/09\/Essu-brodeerauksella.jpg\",\"datePublished\":\"2025-09-05T12:19:38+00:00\",\"dateModified\":\"2025-09-22T12:46:43+00:00\",\"description\":\"DTF- och DTG-tryck samt andra digitala tryckmetoder. Vi utf\u00f6r \u00e4ven tryckning med sublaminering och transfertryck.\",\"breadcrumb\":{\"@id\":\"https:\/\/staging.brandivaate.fi\/sv\/tjanster\/brodeeraus\/#breadcrumb\"},\"inLanguage\":\"sv-SE\",\"potentialAction\":[{\"@type\":\"ReadAction\",\"target\":[\"https:\/\/staging.brandivaate.fi\/sv\/tjanster\/brodeeraus\/\"]}]},{\"@type\":\"ImageObject\",\"inLanguage\":\"sv-SE\",\"@id\":\"https:\/\/staging.brandivaate.fi\/sv\/tjanster\/brodeeraus\/#primaryimage\",\"url\":\"https:\/\/staging.brandivaate.fi\/wp-content\/uploads\/2025\/09\/Essu-brodeerauksella.jpg\",\"contentUrl\":\"https:\/\/staging.brandivaate.fi\/wp-content\/uploads\/2025\/09\/Essu-brodeerauksella.jpg\",\"width\":1920,\"height\":1080},{\"@type\":\"BreadcrumbList\",\"@id\":\"https:\/\/staging.brandivaate.fi\/sv\/tjanster\/brodeeraus\/#breadcrumb\",\"itemListElement\":[{\"@type\":\"ListItem\",\"position\":1,\"name\":\"Etusivu\",\"item\":\"https:\/\/staging.brandivaate.fi\/sv\/startsida\/\"},{\"@type\":\"ListItem\",\"position\":2,\"name\":\"Tj\u00e4nster\",\"item\":\"https:\/\/staging.brandivaate.fi\/sv\/tjanster\/\"},{\"@type\":\"ListItem\",\"position\":3,\"name\":\"Brodeeraus\"}]},{\"@type\":\"WebSite\",\"@id\":\"https:\/\/staging.brandivaate.fi\/#website\",\"url\":\"https:\/\/staging.brandivaate.fi\/\",\"name\":\"Br\u00e4ndivaate\",\"description\":\"Tehd\u00e4\u00e4n yhdess\u00e4 br\u00e4ndist\u00e4si vahvempi\",\"publisher\":{\"@id\":\"https:\/\/staging.brandivaate.fi\/#organization\"},\"potentialAction\":[{\"@type\":\"SearchAction\",\"target\":{\"@type\":\"EntryPoint\",\"urlTemplate\":\"https:\/\/staging.brandivaate.fi\/?s={search_term_string}\"},\"query-input\":{\"@type\":\"PropertyValueSpecification\",\"valueRequired\":true,\"valueName\":\"search_term_string\"}}],\"inLanguage\":\"sv-SE\"},{\"@type\":\"Organization\",\"@id\":\"https:\/\/staging.brandivaate.fi\/#organization\",\"name\":\"Br\u00e4ndivaate\",\"url\":\"https:\/\/staging.brandivaate.fi\/\",\"logo\":{\"@type\":\"ImageObject\",\"inLanguage\":\"sv-SE\",\"@id\":\"https:\/\/staging.brandivaate.fi\/#\/schema\/logo\/image\/\",\"url\":\"https:\/\/staging.brandivaate.fi\/wp-content\/uploads\/2024\/12\/logo_brandivaate_pos.png\",\"contentUrl\":\"https:\/\/staging.brandivaate.fi\/wp-content\/uploads\/2024\/12\/logo_brandivaate_pos.png\",\"width\":2142,\"height\":368,\"caption\":\"Br\u00e4ndivaate\"},\"image\":{\"@id\":\"https:\/\/staging.brandivaate.fi\/#\/schema\/logo\/image\/\"},\"sameAs\":[\"https:\/\/www.facebook.com\/brandivaate.fi\/\",\"https:\/\/www.instagram.com\/brandivaate\/\",\"https:\/\/www.linkedin.com\/company\/42705921\"]}]}<\/script>\n<!-- \/ Yoast SEO plugin. -->","yoast_head_json":{"title":"Broderi | 3D-broderi | \u00d6verf\u00f6ringsm\u00e4rke | Br\u00e4ndivaate%","description":"DTF- och DTG-tryck samt andra digitala tryckmetoder. Vi utf\u00f6r \u00e4ven tryckning med sublaminering och transfertryck.","robots":{"index":"noindex","follow":"follow","max-snippet":"max-snippet:-1","max-image-preview":"max-image-preview:large","max-video-preview":"max-video-preview:-1"},"og_locale":"sv_SE","og_type":"article","og_title":"Broderi | 3D-broderi | \u00d6verf\u00f6ringsm\u00e4rke | Br\u00e4ndivaate%","og_description":"DTF- och DTG-tryck samt andra digitala tryckmetoder. Vi utf\u00f6r \u00e4ven tryckning med sublaminering och transfertryck.","og_url":"https:\/\/staging.brandivaate.fi\/sv\/tjanster\/brodeeraus\/","og_site_name":"Br\u00e4ndivaate","article_publisher":"https:\/\/www.facebook.com\/brandivaate.fi\/","article_modified_time":"2025-09-22T12:46:43+00:00","og_image":[{"width":1920,"height":1080,"url":"https:\/\/staging.brandivaate.fi\/wp-content\/uploads\/2025\/09\/Essu-brodeerauksella.jpg","type":"image\/jpeg"}],"twitter_card":"summary_large_image","twitter_misc":{"Ber\u00e4knad l\u00e4stid":"2 minuter"},"schema":{"@context":"https:\/\/schema.org","@graph":[{"@type":"WebPage","@id":"https:\/\/staging.brandivaate.fi\/sv\/tjanster\/brodeeraus\/","url":"https:\/\/staging.brandivaate.fi\/sv\/tjanster\/brodeeraus\/","name":"Broderi | 3D-broderi | \u00d6verf\u00f6ringsm\u00e4rke | Br\u00e4ndivaate%","isPartOf":{"@id":"https:\/\/staging.brandivaate.fi\/#website"},"primaryImageOfPage":{"@id":"https:\/\/staging.brandivaate.fi\/sv\/tjanster\/brodeeraus\/#primaryimage"},"image":{"@id":"https:\/\/staging.brandivaate.fi\/sv\/tjanster\/brodeeraus\/#primaryimage"},"thumbnailUrl":"https:\/\/staging.brandivaate.fi\/wp-content\/uploads\/2025\/09\/Essu-brodeerauksella.jpg","datePublished":"2025-09-05T12:19:38+00:00","dateModified":"2025-09-22T12:46:43+00:00","description":"DTF- och DTG-tryck samt andra digitala tryckmetoder. Vi utf\u00f6r \u00e4ven tryckning med sublaminering och transfertryck.","breadcrumb":{"@id":"https:\/\/staging.brandivaate.fi\/sv\/tjanster\/brodeeraus\/#breadcrumb"},"inLanguage":"sv-SE","potentialAction":[{"@type":"ReadAction","target":["https:\/\/staging.brandivaate.fi\/sv\/tjanster\/brodeeraus\/"]}]},{"@type":"ImageObject","inLanguage":"sv-SE","@id":"https:\/\/staging.brandivaate.fi\/sv\/tjanster\/brodeeraus\/#primaryimage","url":"https:\/\/staging.brandivaate.fi\/wp-content\/uploads\/2025\/09\/Essu-brodeerauksella.jpg","contentUrl":"https:\/\/staging.brandivaate.fi\/wp-content\/uploads\/2025\/09\/Essu-brodeerauksella.jpg","width":1920,"height":1080},{"@type":"BreadcrumbList","@id":"https:\/\/staging.brandivaate.fi\/sv\/tjanster\/brodeeraus\/#breadcrumb","itemListElement":[{"@type":"ListItem","position":1,"name":"Etusivu","item":"https:\/\/staging.brandivaate.fi\/sv\/startsida\/"},{"@type":"ListItem","position":2,"name":"Tj\u00e4nster","item":"https:\/\/staging.brandivaate.fi\/sv\/tjanster\/"},{"@type":"ListItem","position":3,"name":"Brodeeraus"}]},{"@type":"WebSite","@id":"https:\/\/staging.brandivaate.fi\/#website","url":"https:\/\/staging.brandivaate.fi\/","name":"Br\u00e4ndivaate","description":"Tehd\u00e4\u00e4n yhdess\u00e4 br\u00e4ndist\u00e4si vahvempi","publisher":{"@id":"https:\/\/staging.brandivaate.fi\/#organization"},"potentialAction":[{"@type":"SearchAction","target":{"@type":"EntryPoint","urlTemplate":"https:\/\/staging.brandivaate.fi\/?s={search_term_string}"},"query-input":{"@type":"PropertyValueSpecification","valueRequired":true,"valueName":"search_term_string"}}],"inLanguage":"sv-SE"},{"@type":"Organization","@id":"https:\/\/staging.brandivaate.fi\/#organization","name":"Br\u00e4ndivaate","url":"https:\/\/staging.brandivaate.fi\/","logo":{"@type":"ImageObject","inLanguage":"sv-SE","@id":"https:\/\/staging.brandivaate.fi\/#\/schema\/logo\/image\/","url":"https:\/\/staging.brandivaate.fi\/wp-content\/uploads\/2024\/12\/logo_brandivaate_pos.png","contentUrl":"https:\/\/staging.brandivaate.fi\/wp-content\/uploads\/2024\/12\/logo_brandivaate_pos.png","width":2142,"height":368,"caption":"Br\u00e4ndivaate"},"image":{"@id":"https:\/\/staging.brandivaate.fi\/#\/schema\/logo\/image\/"},"sameAs":["https:\/\/www.facebook.com\/brandivaate.fi\/","https:\/\/www.instagram.com\/brandivaate\/","https:\/\/www.linkedin.com\/company\/42705921"]}]}},"_links":{"self":[{"href":"https:\/\/staging.brandivaate.fi\/sv\/wp-json\/wp\/v2\/pages\/273077","targetHints":{"allow":["GET"]}}],"collection":[{"href":"https:\/\/staging.brandivaate.fi\/sv\/wp-json\/wp\/v2\/pages"}],"about":[{"href":"https:\/\/staging.brandivaate.fi\/sv\/wp-json\/wp\/v2\/types\/page"}],"author":[{"embeddable":true,"href":"https:\/\/staging.brandivaate.fi\/sv\/wp-json\/wp\/v2\/users\/1"}],"replies":[{"embeddable":true,"href":"https:\/\/staging.brandivaate.fi\/sv\/wp-json\/wp\/v2\/comments?post=273077"}],"version-history":[{"count":1,"href":"https:\/\/staging.brandivaate.fi\/sv\/wp-json\/wp\/v2\/pages\/273077\/revisions"}],"predecessor-version":[{"id":273078,"href":"https:\/\/staging.brandivaate.fi\/sv\/wp-json\/wp\/v2\/pages\/273077\/revisions\/273078"}],"up":[{"embeddable":true,"href":"https:\/\/staging.brandivaate.fi\/sv\/wp-json\/wp\/v2\/pages\/154862"}],"wp:featuredmedia":[{"embeddable":true,"href":"https:\/\/staging.brandivaate.fi\/sv\/wp-json\/wp\/v2\/media\/272095"}],"wp:attachment":[{"href":"https:\/\/staging.brandivaate.fi\/sv\/wp-json\/wp\/v2\/media?parent=273077"}],"curies":[{"name":"wp","href":"https:\/\/api.w.org\/{rel}","templated":true}]}}